{"id":2711,"date":"2021-05-11T01:15:37","date_gmt":"2021-05-10T23:15:37","guid":{"rendered":"https:\/\/iautomato.de\/?page_id=2711"},"modified":"2026-03-26T00:21:33","modified_gmt":"2026-03-25T23:21:33","slug":"zahlung","status":"publish","type":"page","link":"https:\/\/iautomato.de\/de\/platba\/","title":{"rendered":"Zahlung"},"content":{"rendered":"<div data-elementor-type=\"wp-page\" data-elementor-id=\"2711\" class=\"elementor elementor-2711\" data-elementor-post-type=\"page\">\n\t\t\t\t\t\t<section class=\"elementor-section elementor-top-section elementor-element elementor-element-3a911ef elementor-section-boxed elementor-section-height-default elementor-section-height-default\" data-id=\"3a911ef\" data-element_type=\"section\" data-e-type=\"section\" data-settings=\"{&quot;jet_parallax_layout_list&quot;:[]}\">\n\t\t\t\t\t\t<div class=\"elementor-container elementor-column-gap-default\">\n\t\t\t\t\t<div class=\"elementor-column elementor-col-20 elementor-top-column elementor-element elementor-element-90ee8b8\" data-id=\"90ee8b8\" data-element_type=\"column\" data-e-type=\"column\">\n\t\t\t<div class=\"elementor-widget-wrap elementor-element-populated\">\n\t\t\t\t\t\t<div class=\"elementor-element elementor-element-6382839 elementor-widget__width-auto elementor-widget-mobile__width-inherit elementor-widget elementor-widget-heading\" data-id=\"6382839\" data-element_type=\"widget\" data-e-type=\"widget\" data-widget_type=\"heading.default\">\n\t\t\t\t<div class=\"elementor-widget-container\">\n\t\t\t\t\t<p class=\"elementor-heading-title elementor-size-default\"><a href=\"https:\/\/iautomato.de\/de\/schritt-1\/\">1<\/a><\/p>\t\t\t\t<\/div>\n\t\t\t\t<\/div>\n\t\t\t\t<div class=\"elementor-element elementor-element-4ec0837 elementor-view-stacked elementor-shape-square elementor-widget__width-auto elementor-widget elementor-widget-icon\" data-id=\"4ec0837\" data-element_type=\"widget\" data-e-type=\"widget\" data-widget_type=\"icon.default\">\n\t\t\t\t<div class=\"elementor-widget-container\">\n\t\t\t\t\t\t\t<div class=\"elementor-icon-wrapper\">\n\t\t\t<a class=\"elementor-icon elementor-animation-grow\" href=\"https:\/\/iautomato.de\/de\/schritt-1\/\">\n\t\t\t<i aria-hidden=\"true\" class=\"fas fa-check\"><\/i>\t\t\t<\/a>\n\t\t<\/div>\n\t\t\t\t\t\t<\/div>\n\t\t\t\t<\/div>\n\t\t\t\t<div class=\"elementor-element elementor-element-ec98a18 elementor-widget__width-auto elementor-widget-tablet__width-inherit elementor-widget elementor-widget-heading\" data-id=\"ec98a18\" data-element_type=\"widget\" data-e-type=\"widget\" data-widget_type=\"heading.default\">\n\t\t\t\t<div class=\"elementor-widget-container\">\n\t\t\t\t\t<p class=\"elementor-heading-title elementor-size-default\"><a href=\"https:\/\/iautomato.de\/de\/schritt-1\/\">Fahrzeuginfo<\/a><\/p>\t\t\t\t<\/div>\n\t\t\t\t<\/div>\n\t\t\t\t\t<\/div>\n\t\t<\/div>\n\t\t\t\t<div class=\"elementor-column elementor-col-20 elementor-top-column elementor-element elementor-element-3f8e993\" data-id=\"3f8e993\" data-element_type=\"column\" data-e-type=\"column\">\n\t\t\t<div class=\"elementor-widget-wrap elementor-element-populated\">\n\t\t\t\t\t\t<div class=\"elementor-element elementor-element-c24cd02 elementor-widget__width-auto elementor-widget-tablet__width-initial elementor-view-default elementor-widget elementor-widget-icon\" data-id=\"c24cd02\" data-element_type=\"widget\" data-e-type=\"widget\" data-widget_type=\"icon.default\">\n\t\t\t\t<div class=\"elementor-widget-container\">\n\t\t\t\t\t\t\t<div class=\"elementor-icon-wrapper\">\n\t\t\t<div class=\"elementor-icon\">\n\t\t\t<i aria-hidden=\"true\" class=\"fas fa-angle-right\"><\/i>\t\t\t<\/div>\n\t\t<\/div>\n\t\t\t\t\t\t<\/div>\n\t\t\t\t<\/div>\n\t\t\t\t\t<\/div>\n\t\t<\/div>\n\t\t\t\t<div class=\"elementor-column elementor-col-20 elementor-top-column elementor-element elementor-element-ecbdb42\" data-id=\"ecbdb42\" data-element_type=\"column\" data-e-type=\"column\">\n\t\t\t<div class=\"elementor-widget-wrap elementor-element-populated\">\n\t\t\t\t\t\t<div class=\"elementor-element elementor-element-ccad17c elementor-widget__width-auto elementor-widget-mobile__width-inherit elementor-widget elementor-widget-heading\" data-id=\"ccad17c\" data-element_type=\"widget\" data-e-type=\"widget\" data-widget_type=\"heading.default\">\n\t\t\t\t<div class=\"elementor-widget-container\">\n\t\t\t\t\t<p class=\"elementor-heading-title elementor-size-default\"><a href=\"https:\/\/iautomato.de\/de\/schritt-2\/\">2<\/a><\/p>\t\t\t\t<\/div>\n\t\t\t\t<\/div>\n\t\t\t\t<div class=\"elementor-element elementor-element-a2e8810 elementor-view-stacked elementor-shape-square elementor-widget__width-auto elementor-widget elementor-widget-icon\" data-id=\"a2e8810\" data-element_type=\"widget\" data-e-type=\"widget\" data-widget_type=\"icon.default\">\n\t\t\t\t<div class=\"elementor-widget-container\">\n\t\t\t\t\t\t\t<div class=\"elementor-icon-wrapper\">\n\t\t\t<a class=\"elementor-icon elementor-animation-grow\" href=\"https:\/\/iautomato.de\/de\/schritt-2\/\">\n\t\t\t<i aria-hidden=\"true\" class=\"fas fa-check\"><\/i>\t\t\t<\/a>\n\t\t<\/div>\n\t\t\t\t\t\t<\/div>\n\t\t\t\t<\/div>\n\t\t\t\t<div class=\"elementor-element elementor-element-d016157 elementor-widget__width-auto elementor-widget-tablet__width-inherit elementor-widget elementor-widget-heading\" data-id=\"d016157\" data-element_type=\"widget\" data-e-type=\"widget\" data-widget_type=\"heading.default\">\n\t\t\t\t<div class=\"elementor-widget-container\">\n\t\t\t\t\t<p class=\"elementor-heading-title elementor-size-default\"><a href=\"https:\/\/iautomato.de\/de\/schritt-2\/\">Zusatzservices<\/a><\/p>\t\t\t\t<\/div>\n\t\t\t\t<\/div>\n\t\t\t\t\t<\/div>\n\t\t<\/div>\n\t\t\t\t<div class=\"elementor-column elementor-col-20 elementor-top-column elementor-element elementor-element-cb14e57\" data-id=\"cb14e57\" data-element_type=\"column\" data-e-type=\"column\">\n\t\t\t<div class=\"elementor-widget-wrap elementor-element-populated\">\n\t\t\t\t\t\t<div class=\"elementor-element elementor-element-7072b2d elementor-widget__width-auto elementor-widget-tablet__width-initial elementor-view-default elementor-widget elementor-widget-icon\" data-id=\"7072b2d\" data-element_type=\"widget\" data-e-type=\"widget\" data-widget_type=\"icon.default\">\n\t\t\t\t<div class=\"elementor-widget-container\">\n\t\t\t\t\t\t\t<div class=\"elementor-icon-wrapper\">\n\t\t\t<div class=\"elementor-icon\">\n\t\t\t<i aria-hidden=\"true\" class=\"fas fa-angle-right\"><\/i>\t\t\t<\/div>\n\t\t<\/div>\n\t\t\t\t\t\t<\/div>\n\t\t\t\t<\/div>\n\t\t\t\t\t<\/div>\n\t\t<\/div>\n\t\t\t\t<div class=\"elementor-column elementor-col-20 elementor-top-column elementor-element elementor-element-435619f\" data-id=\"435619f\" data-element_type=\"column\" data-e-type=\"column\">\n\t\t\t<div class=\"elementor-widget-wrap elementor-element-populated\">\n\t\t\t\t\t\t<div class=\"elementor-element elementor-element-379b840 elementor-widget__width-auto elementor-widget-mobile__width-inherit elementor-widget elementor-widget-heading\" data-id=\"379b840\" data-element_type=\"widget\" data-e-type=\"widget\" data-widget_type=\"heading.default\">\n\t\t\t\t<div class=\"elementor-widget-container\">\n\t\t\t\t\t<p class=\"elementor-heading-title elementor-size-default\">3<\/p>\t\t\t\t<\/div>\n\t\t\t\t<\/div>\n\t\t\t\t<div class=\"elementor-element elementor-element-13bc56c elementor-widget__width-auto elementor-widget elementor-widget-image\" data-id=\"13bc56c\" data-element_type=\"widget\" data-e-type=\"widget\" data-widget_type=\"image.default\">\n\t\t\t\t<div class=\"elementor-widget-container\">\n\t\t\t\t\t\t\t\t\t\t\t\t\t\t\t\t<a href=\"#\">\n\t\t\t\t\t\t\t<img fetchpriority=\"high\" decoding=\"async\" width=\"300\" height=\"300\" src=\"https:\/\/iautomato.de\/wp-content\/uploads\/sites\/5\/2025\/08\/checkout_icon_white-300x300.webp\" class=\"attachment-medium size-medium wp-image-17485\" alt=\"\" srcset=\"https:\/\/iautomato.de\/wp-content\/uploads\/sites\/5\/2025\/08\/checkout_icon_white-300x300.webp 300w, https:\/\/iautomato.de\/wp-content\/uploads\/sites\/5\/2025\/08\/checkout_icon_white-150x150.webp 150w, https:\/\/iautomato.de\/wp-content\/uploads\/sites\/5\/2025\/08\/checkout_icon_white-12x12.webp 12w, https:\/\/iautomato.de\/wp-content\/uploads\/sites\/5\/2025\/08\/checkout_icon_white-100x100.webp 100w, https:\/\/iautomato.de\/wp-content\/uploads\/sites\/5\/2025\/08\/checkout_icon_white.webp 540w\" sizes=\"(max-width: 300px) 100vw, 300px\" \/>\t\t\t\t\t\t\t\t<\/a>\n\t\t\t\t\t\t\t\t\t\t\t\t\t\t\t<\/div>\n\t\t\t\t<\/div>\n\t\t\t\t<div class=\"elementor-element elementor-element-ca03b9d elementor-widget__width-auto elementor-widget-tablet__width-inherit elementor-widget elementor-widget-heading\" data-id=\"ca03b9d\" data-element_type=\"widget\" data-e-type=\"widget\" data-widget_type=\"heading.default\">\n\t\t\t\t<div class=\"elementor-widget-container\">\n\t\t\t\t\t<p class=\"elementor-heading-title elementor-size-default\">Daten &amp; Zahlung<\/p>\t\t\t\t<\/div>\n\t\t\t\t<\/div>\n\t\t\t\t\t<\/div>\n\t\t<\/div>\n\t\t\t\t\t<\/div>\n\t\t<\/section>\n\t\t\t\t<section class=\"elementor-section elementor-top-section elementor-element elementor-element-5aa38fe7 elementor-section-boxed elementor-section-height-default elementor-section-height-default\" data-id=\"5aa38fe7\" data-element_type=\"section\" data-e-type=\"section\" data-settings=\"{&quot;jet_parallax_layout_list&quot;:[]}\">\n\t\t\t\t\t\t<div class=\"elementor-container elementor-column-gap-default\">\n\t\t\t\t\t<div class=\"elementor-column elementor-col-100 elementor-top-column elementor-element elementor-element-2f328c9b\" data-id=\"2f328c9b\" data-element_type=\"column\" data-e-type=\"column\">\n\t\t\t<div class=\"elementor-widget-wrap elementor-element-populated\">\n\t\t\t\t\t\t<div class=\"elementor-element elementor-element-39e703d3 elementor-widget elementor-widget-text-editor\" data-id=\"39e703d3\" data-element_type=\"widget\" data-e-type=\"widget\" data-widget_type=\"text-editor.default\">\n\t\t\t\t<div class=\"elementor-widget-container\">\n\t\t\t\t\t\t\t\t\t\n<p><div class=\"woocommerce\"><\/div><\/p>\n\t\t\t\t\t\t\t\t<\/div>\n\t\t\t\t<\/div>\n\t\t\t\t\t<\/div>\n\t\t<\/div>\n\t\t\t\t\t<\/div>\n\t\t<\/section>\n\t\t\t\t<\/div>","protected":false},"excerpt":{"rendered":"<p>1 Fahrzeuginformationen 2 Zusatzleistungen 3 Daten und Zahlung<\/p>","protected":false},"author":1,"featured_media":0,"parent":0,"menu_order":0,"comment_status":"closed","ping_status":"closed","template":"","meta":{"_jf_limit_responses":"","footnotes":""},"class_list":["post-2711","page","type-page","status-publish","hentry","entry","owp-thumbs-layout-horizontal","owp-btn-big","owp-tabs-layout-section","has-no-thumbnails"],"yoast_head":"<!-- This site is optimized with the Yoast SEO plugin v27.4 - https:\/\/yoast.com\/product\/yoast-seo-wordpress\/ -->\n<title>Platba - Automato Deutschland<\/title>\n<meta name=\"robots\" content=\"index, follow, max-snippet:-1, max-image-preview:large, max-video-preview:-1\" \/>\n<link rel=\"canonical\" href=\"https:\/\/iautomato.de\/de\/zahlung\/\" \/>\n<meta property=\"og:locale\" content=\"de_DE\" \/>\n<meta property=\"og:type\" content=\"article\" \/>\n<meta property=\"og:title\" content=\"Platba - Automato Deutschland\" \/>\n<meta property=\"og:description\" content=\"1 Informace o voze 2 Dopl\u0148kov\u00e9 slu\u017eby 3 \u00dadaje a platba\" \/>\n<meta property=\"og:url\" content=\"https:\/\/iautomato.de\/de\/zahlung\/\" \/>\n<meta property=\"og:site_name\" content=\"Automato Deutschland\" \/>\n<meta property=\"article:modified_time\" content=\"2026-03-25T23:21:33+00:00\" \/>\n<meta property=\"og:image\" content=\"https:\/\/iautomato.de\/wp-content\/uploads\/sites\/5\/2025\/08\/checkout_icon_white.webp\" \/>\n\t<meta property=\"og:image:width\" content=\"540\" \/>\n\t<meta property=\"og:image:height\" content=\"540\" \/>\n\t<meta property=\"og:image:type\" content=\"image\/webp\" \/>\n<meta name=\"twitter:card\" content=\"summary_large_image\" \/>\n<meta name=\"twitter:label1\" content=\"Gesch\u00e4tzte Lesezeit\" \/>\n\t<meta name=\"twitter:data1\" content=\"4\u00a0Minuten\" \/>\n<script type=\"application\/ld+json\" class=\"yoast-schema-graph\">{\"@context\":\"https:\\\/\\\/schema.org\",\"@graph\":[{\"@type\":\"WebPage\",\"@id\":\"https:\\\/\\\/iautomato.de\\\/de\\\/platba\\\/\",\"url\":\"https:\\\/\\\/iautomato.de\\\/de\\\/platba\\\/\",\"name\":\"Platba - Automato Deutschland\",\"isPartOf\":{\"@id\":\"https:\\\/\\\/iautomato.de\\\/#website\"},\"primaryImageOfPage\":{\"@id\":\"https:\\\/\\\/iautomato.de\\\/de\\\/platba\\\/#primaryimage\"},\"image\":{\"@id\":\"https:\\\/\\\/iautomato.de\\\/de\\\/platba\\\/#primaryimage\"},\"thumbnailUrl\":\"https:\\\/\\\/iautomato.de\\\/wp-content\\\/uploads\\\/sites\\\/5\\\/2025\\\/08\\\/checkout_icon_white-300x300.webp\",\"datePublished\":\"2021-05-10T23:15:37+00:00\",\"dateModified\":\"2026-03-25T23:21:33+00:00\",\"breadcrumb\":{\"@id\":\"https:\\\/\\\/iautomato.de\\\/de\\\/platba\\\/#breadcrumb\"},\"inLanguage\":\"de\",\"potentialAction\":[{\"@type\":\"ReadAction\",\"target\":[\"https:\\\/\\\/iautomato.de\\\/de\\\/platba\\\/\"]}]},{\"@type\":\"ImageObject\",\"inLanguage\":\"de\",\"@id\":\"https:\\\/\\\/iautomato.de\\\/de\\\/platba\\\/#primaryimage\",\"url\":\"https:\\\/\\\/iautomato.de\\\/wp-content\\\/uploads\\\/sites\\\/5\\\/2025\\\/08\\\/checkout_icon_white-300x300.webp\",\"contentUrl\":\"https:\\\/\\\/iautomato.de\\\/wp-content\\\/uploads\\\/sites\\\/5\\\/2025\\\/08\\\/checkout_icon_white-300x300.webp\"},{\"@type\":\"BreadcrumbList\",\"@id\":\"https:\\\/\\\/iautomato.de\\\/de\\\/platba\\\/#breadcrumb\",\"itemListElement\":[{\"@type\":\"ListItem\",\"position\":1,\"name\":\"Dom\u016f\",\"item\":\"https:\\\/\\\/iautomato.de\\\/de\\\/\"},{\"@type\":\"ListItem\",\"position\":2,\"name\":\"Platba\"}]},{\"@type\":\"WebSite\",\"@id\":\"https:\\\/\\\/iautomato.de\\\/#website\",\"url\":\"https:\\\/\\\/iautomato.de\\\/\",\"name\":\"Automato Deutschland\",\"description\":\"Wir pr\u00fcfen den Gebrauchtwagen vor dem Kauf: Schnell und deutschlandweit\",\"publisher\":{\"@id\":\"https:\\\/\\\/iautomato.de\\\/#organization\"},\"potentialAction\":[{\"@type\":\"SearchAction\",\"target\":{\"@type\":\"EntryPoint\",\"urlTemplate\":\"https:\\\/\\\/iautomato.de\\\/?s={search_term_string}\"},\"query-input\":{\"@type\":\"PropertyValueSpecification\",\"valueRequired\":true,\"valueName\":\"search_term_string\"}}],\"inLanguage\":\"de\"},{\"@type\":\"Organization\",\"@id\":\"https:\\\/\\\/iautomato.de\\\/#organization\",\"name\":\"Automato Deutschland\",\"url\":\"https:\\\/\\\/iautomato.de\\\/\",\"logo\":{\"@type\":\"ImageObject\",\"inLanguage\":\"de\",\"@id\":\"https:\\\/\\\/iautomato.de\\\/#\\\/schema\\\/logo\\\/image\\\/\",\"url\":\"https:\\\/\\\/iautomato.de\\\/wp-content\\\/uploads\\\/sites\\\/5\\\/2020\\\/02\\\/black_noBG.svg\",\"contentUrl\":\"https:\\\/\\\/iautomato.de\\\/wp-content\\\/uploads\\\/sites\\\/5\\\/2020\\\/02\\\/black_noBG.svg\",\"caption\":\"Automato Deutschland\"},\"image\":{\"@id\":\"https:\\\/\\\/iautomato.de\\\/#\\\/schema\\\/logo\\\/image\\\/\"}}]}<\/script>\n<!-- \/ Yoast SEO plugin. -->","yoast_head_json":{"title":"Zahlung - Automato Deutschland","robots":{"index":"index","follow":"follow","max-snippet":"max-snippet:-1","max-image-preview":"max-image-preview:large","max-video-preview":"max-video-preview:-1"},"canonical":"https:\/\/iautomato.de\/de\/zahlung\/","og_locale":"de_DE","og_type":"article","og_title":"Platba - Automato Deutschland","og_description":"1 Informace o voze 2 Dopl\u0148kov\u00e9 slu\u017eby 3 \u00dadaje a platba","og_url":"https:\/\/iautomato.de\/de\/zahlung\/","og_site_name":"Automato Deutschland","article_modified_time":"2026-03-25T23:21:33+00:00","og_image":[{"width":540,"height":540,"url":"https:\/\/iautomato.de\/wp-content\/uploads\/sites\/5\/2025\/08\/checkout_icon_white.webp","type":"image\/webp"}],"twitter_card":"summary_large_image","twitter_misc":{"Gesch\u00e4tzte Lesezeit":"4\u00a0Minuten"},"schema":{"@context":"https:\/\/schema.org","@graph":[{"@type":"WebPage","@id":"https:\/\/iautomato.de\/de\/platba\/","url":"https:\/\/iautomato.de\/de\/platba\/","name":"Zahlung - Automato Deutschland","isPartOf":{"@id":"https:\/\/iautomato.de\/#website"},"primaryImageOfPage":{"@id":"https:\/\/iautomato.de\/de\/platba\/#primaryimage"},"image":{"@id":"https:\/\/iautomato.de\/de\/platba\/#primaryimage"},"thumbnailUrl":"https:\/\/iautomato.de\/wp-content\/uploads\/sites\/5\/2025\/08\/checkout_icon_white-300x300.webp","datePublished":"2021-05-10T23:15:37+00:00","dateModified":"2026-03-25T23:21:33+00:00","breadcrumb":{"@id":"https:\/\/iautomato.de\/de\/platba\/#breadcrumb"},"inLanguage":"de","potentialAction":[{"@type":"ReadAction","target":["https:\/\/iautomato.de\/de\/platba\/"]}]},{"@type":"ImageObject","inLanguage":"de","@id":"https:\/\/iautomato.de\/de\/platba\/#primaryimage","url":"https:\/\/iautomato.de\/wp-content\/uploads\/sites\/5\/2025\/08\/checkout_icon_white-300x300.webp","contentUrl":"https:\/\/iautomato.de\/wp-content\/uploads\/sites\/5\/2025\/08\/checkout_icon_white-300x300.webp"},{"@type":"BreadcrumbList","@id":"https:\/\/iautomato.de\/de\/platba\/#breadcrumb","itemListElement":[{"@type":"ListItem","position":1,"name":"Dom\u016f","item":"https:\/\/iautomato.de\/de\/"},{"@type":"ListItem","position":2,"name":"Platba"}]},{"@type":"WebSite","@id":"https:\/\/iautomato.de\/#website","url":"https:\/\/iautomato.de\/","name":"Automato Deutschland","description":"Wir pr\u00fcfen den Gebrauchtwagen vor dem Kauf: Schnell und deutschlandweit","publisher":{"@id":"https:\/\/iautomato.de\/#organization"},"potentialAction":[{"@type":"SearchAction","target":{"@type":"EntryPoint","urlTemplate":"https:\/\/iautomato.de\/?s={search_term_string}"},"query-input":{"@type":"PropertyValueSpecification","valueRequired":true,"valueName":"search_term_string"}}],"inLanguage":"de"},{"@type":"Organization","@id":"https:\/\/iautomato.de\/#organization","name":"Automato Deutschland","url":"https:\/\/iautomato.de\/","logo":{"@type":"ImageObject","inLanguage":"de","@id":"https:\/\/iautomato.de\/#\/schema\/logo\/image\/","url":"https:\/\/iautomato.de\/wp-content\/uploads\/sites\/5\/2020\/02\/black_noBG.svg","contentUrl":"https:\/\/iautomato.de\/wp-content\/uploads\/sites\/5\/2020\/02\/black_noBG.svg","caption":"Automato Deutschland"},"image":{"@id":"https:\/\/iautomato.de\/#\/schema\/logo\/image\/"}}]}},"_links":{"self":[{"href":"https:\/\/iautomato.de\/de\/wp-json\/wp\/v2\/pages\/2711","targetHints":{"allow":["GET"]}}],"collection":[{"href":"https:\/\/iautomato.de\/de\/wp-json\/wp\/v2\/pages"}],"about":[{"href":"https:\/\/iautomato.de\/de\/wp-json\/wp\/v2\/types\/page"}],"author":[{"embeddable":true,"href":"https:\/\/iautomato.de\/de\/wp-json\/wp\/v2\/users\/1"}],"replies":[{"embeddable":true,"href":"https:\/\/iautomato.de\/de\/wp-json\/wp\/v2\/comments?post=2711"}],"version-history":[{"count":11,"href":"https:\/\/iautomato.de\/de\/wp-json\/wp\/v2\/pages\/2711\/revisions"}],"predecessor-version":[{"id":18360,"href":"https:\/\/iautomato.de\/de\/wp-json\/wp\/v2\/pages\/2711\/revisions\/18360"}],"wp:attachment":[{"href":"https:\/\/iautomato.de\/de\/wp-json\/wp\/v2\/media?parent=2711"}],"curies":[{"name":"wp","href":"https:\/\/api.w.org\/{rel}","templated":true}]}}