{"id":7994,"date":"2022-09-03T02:22:19","date_gmt":"2022-09-03T00:22:19","guid":{"rendered":"https:\/\/iautomato.de\/?page_id=7994"},"modified":"2026-03-20T16:04:51","modified_gmt":"2026-03-20T15:04:51","slug":"kundenbewertungen","status":"publish","type":"page","link":"https:\/\/iautomato.de\/de\/recenze-zakazniku\/","title":{"rendered":"Kundenbewertungen"},"content":{"rendered":"<div data-elementor-type=\"wp-page\" data-elementor-id=\"7994\" class=\"elementor elementor-7994\" data-elementor-post-type=\"page\">\n\t\t\t\t\t\t<section class=\"elementor-section elementor-top-section elementor-element elementor-element-4c68f68 elementor-section-boxed elementor-section-height-default elementor-section-height-default\" data-id=\"4c68f68\" data-element_type=\"section\" data-e-type=\"section\" data-settings=\"{&quot;jet_parallax_layout_list&quot;:[],&quot;background_background&quot;:&quot;classic&quot;}\">\n\t\t\t\t\t\t<div class=\"elementor-container elementor-column-gap-default\">\n\t\t\t\t\t<div class=\"elementor-column elementor-col-100 elementor-top-column elementor-element elementor-element-a63632c\" data-id=\"a63632c\" data-element_type=\"column\" data-e-type=\"column\" data-settings=\"{&quot;background_background&quot;:&quot;classic&quot;}\">\n\t\t\t<div class=\"elementor-widget-wrap elementor-element-populated\">\n\t\t\t\t\t<div class=\"elementor-background-overlay\"><\/div>\n\t\t\t\t\t\t<div class=\"elementor-element elementor-element-0315cf6 elementor-widget elementor-widget-heading\" data-id=\"0315cf6\" data-element_type=\"widget\" data-e-type=\"widget\" data-widget_type=\"heading.default\">\n\t\t\t\t<div class=\"elementor-widget-container\">\n\t\t\t\t\t<h1 class=\"elementor-heading-title elementor-size-default\">Bewertungen unserer Kunden<\/h1>\t\t\t\t<\/div>\n\t\t\t\t<\/div>\n\t\t\t\t<div class=\"elementor-element elementor-element-ae77927 elementor-widget__width-inherit elementor-widget elementor-widget-heading\" data-id=\"ae77927\" data-element_type=\"widget\" data-e-type=\"widget\" data-widget_type=\"heading.default\">\n\t\t\t\t<div class=\"elementor-widget-container\">\n\t\t\t\t\t<h4 class=\"elementor-heading-title elementor-size-default\"><a href=\"https:\/\/www.google.com\/maps\/place\/Automato+s.r.o.\/@50.0681171,14.435536,979m\/data=!3m1!1e3!4m8!3m7!1s0x89e24c6c1997df29:0xeb5b31fa39d0c7a5!8m2!3d50.0681171!4d14.435536!9m1!1b1!16s%2Fg%2F11rhw60ykz?entry=ttu&#038;g_ep=EgoyMDI2MDMxNy4wIKXMDSoASAFQAw%3D%3D\" target=\"_blank\" rel=\"nofollow\"><b>1900+<\/b> Bewertungen auf <a href=\"https:\/\/iautomato.de\/de\/kundenbewertungen\/\" target=\"_blank\"><img decoding=\"async\" src=\"https:\/\/lh3.googleusercontent.com\/COxitqgJr1sJnIDe8-jiKhxDx1FrYbtRHKJ9z_hELisAlapwE9LUPh6fcXIfb5vwpbMl4xl9H9TRFPc5NOO8Sb3VSgIBrfRYvW6cUA\" class=\"googleLogo\" alt=\"Google-Bewertungen\"><\/a><\/a><\/h4>\t\t\t\t<\/div>\n\t\t\t\t<\/div>\n\t\t\t\t<div class=\"elementor-element elementor-element-80dcca7 elementor-star-rating--align-center elementor--star-style-star_fontawesome elementor-widget elementor-widget-star-rating\" data-id=\"80dcca7\" data-element_type=\"widget\" data-e-type=\"widget\" data-widget_type=\"star-rating.default\">\n\t\t\t\t<div class=\"elementor-widget-container\">\n\t\t\t\t\t\t\t<div class=\"elementor-star-rating__wrapper\">\n\t\t\t\t\t\t\t<div class=\"elementor-star-rating__title\">4.9<\/div>\n\t\t\t\t\t\t<div class=\"elementor-star-rating\" itemtype=\"http:\/\/schema.org\/Rating\" itemscope=\"\" itemprop=\"reviewRating\">\n\t\t\t\t<i class=\"elementor-star-full\" aria-hidden=\"true\">\ue934<\/i><i class=\"elementor-star-full\" aria-hidden=\"true\">\ue934<\/i><i class=\"elementor-star-full\" aria-hidden=\"true\">\ue934<\/i><i class=\"elementor-star-full\" aria-hidden=\"true\">\ue934<\/i><i class=\"elementor-star-full\" aria-hidden=\"true\">\ue934<\/i>\t\t\t\t<span itemprop=\"ratingValue\" class=\"elementor-screen-only\" data-no-translation=\"\" data-trp-gettext=\"\">5-b\u0151l 5 \u00e9rt\u00e9kel\u00e9s<\/span>\n\t\t\t<\/div>\n\t\t<\/div>\n\t\t\t\t\t\t<\/div>\n\t\t\t\t<\/div>\n\t\t\t\t\t<\/div>\n\t\t<\/div>\n\t\t\t\t\t<\/div>\n\t\t<\/section>\n\t\t\t\t<section class=\"elementor-section elementor-top-section elementor-element elementor-element-39c1bda elementor-section-boxed elementor-section-height-default elementor-section-height-default\" data-id=\"39c1bda\" data-element_type=\"section\" data-e-type=\"section\" data-settings=\"{&quot;jet_parallax_layout_list&quot;:[]}\">\n\t\t\t\t\t\t<div class=\"elementor-container elementor-column-gap-default\">\n\t\t\t\t\t<div class=\"elementor-column elementor-col-100 elementor-top-column elementor-element elementor-element-98227ff\" data-id=\"98227ff\" data-element_type=\"column\" data-e-type=\"column\">\n\t\t\t<div class=\"elementor-widget-wrap elementor-element-populated\">\n\t\t\t\t\t\t<div class=\"elementor-element elementor-element-ae81541 elementor-widget elementor-widget-jet-listing-grid\" data-id=\"ae81541\" data-element_type=\"widget\" data-e-type=\"widget\" data-settings=\"{&quot;columns&quot;:&quot;3&quot;,&quot;columns_tablet&quot;:&quot;2&quot;,&quot;columns_mobile&quot;:&quot;1&quot;}\" data-widget_type=\"jet-listing-grid.default\">\n\t\t\t\t<div class=\"elementor-widget-container\">\n\t\t\t\t\t<div class=\"jet-listing-grid jet-listing-grid--lazy-load jet-listing jet-listing-grid-loading\" data-lazy-load=\"{&quot;offset&quot;:&quot;47px&quot;,&quot;post_id&quot;:7994,&quot;queried_id&quot;:&quot;7994|WP_Post&quot;}\"><div class=\"jet-listing-grid__loader\"><div class=\"jet-listing-grid__loader-spinner\"><\/div><\/div><\/div>\t\t\t\t<\/div>\n\t\t\t\t<\/div>\n\t\t\t\t\t<\/div>\n\t\t<\/div>\n\t\t\t\t\t<\/div>\n\t\t<\/section>\n\t\t\t\t<\/div>","protected":false},"excerpt":{"rendered":"<p>Hodnocen\u00ed od na\u0161ich klient\u016f 4.9 &#xE934;&#xE934;&#xE934;&#xE934;&#xE934; Rated 5 out of 5<\/p>","protected":false},"author":1,"featured_media":0,"parent":0,"menu_order":0,"comment_status":"closed","ping_status":"closed","template":"elementor_header_footer","meta":{"_jf_limit_responses":"","footnotes":""},"class_list":["post-7994","page","type-page","status-publish","hentry","entry","owp-thumbs-layout-horizontal","owp-btn-big","owp-tabs-layout-section","has-no-thumbnails"],"yoast_head":"<!-- This site is optimized with the Yoast SEO plugin v27.4 - https:\/\/yoast.com\/product\/yoast-seo-wordpress\/ -->\n<title>Recenze z\u00e1kazn\u00edk\u016f : 5* - Automato Deutschland<\/title>\n<meta name=\"description\" content=\"P\u0159e\u010dt\u011bte si recenze na\u0161ich spokojen\u00fdch z\u00e1kazn\u00edk\u016f. P\u0159idejte se mezi n\u011b a vyu\u017eijte profesion\u00e1ln\u00edch slu\u017eeb iautomato.de p\u0159i v\u00fdb\u011bru va\u0161eho vozu.\" \/>\n<meta name=\"robots\" content=\"index, follow, max-snippet:-1, max-image-preview:large, max-video-preview:-1\" \/>\n<link rel=\"canonical\" href=\"https:\/\/iautomato.de\/de\/kundenbewertung\/\" \/>\n<meta property=\"og:locale\" content=\"de_DE\" \/>\n<meta property=\"og:type\" content=\"article\" \/>\n<meta property=\"og:title\" content=\"Recenze z\u00e1kazn\u00edk\u016f : 5* - Automato Deutschland\" \/>\n<meta property=\"og:description\" content=\"P\u0159e\u010dt\u011bte si recenze na\u0161ich spokojen\u00fdch z\u00e1kazn\u00edk\u016f. P\u0159idejte se mezi n\u011b a vyu\u017eijte profesion\u00e1ln\u00edch slu\u017eeb iautomato.de p\u0159i v\u00fdb\u011bru va\u0161eho vozu.\" \/>\n<meta property=\"og:url\" content=\"https:\/\/iautomato.de\/de\/kundenbewertung\/\" \/>\n<meta property=\"og:site_name\" content=\"Automato Deutschland\" \/>\n<meta property=\"article:modified_time\" content=\"2026-03-20T15:04:51+00:00\" \/>\n<meta property=\"og:image\" content=\"https:\/\/iautomato.de\/wp-content\/uploads\/sites\/5\/2023\/03\/image.png\" \/>\n\t<meta property=\"og:image:width\" content=\"960\" \/>\n\t<meta property=\"og:image:height\" content=\"540\" \/>\n\t<meta property=\"og:image:type\" content=\"image\/png\" \/>\n<meta name=\"twitter:card\" content=\"summary_large_image\" \/>\n<meta name=\"twitter:label1\" content=\"Gesch\u00e4tzte Lesezeit\" \/>\n\t<meta name=\"twitter:data1\" content=\"12\u00a0Minuten\" \/>\n<script type=\"application\/ld+json\" class=\"yoast-schema-graph\">{\"@context\":\"https:\\\/\\\/schema.org\",\"@graph\":[{\"@type\":\"WebPage\",\"@id\":\"https:\\\/\\\/iautomato.de\\\/de\\\/kundenbewertung\\\/\",\"url\":\"https:\\\/\\\/iautomato.de\\\/de\\\/kundenbewertung\\\/\",\"name\":\"Recenze z\u00e1kazn\u00edk\u016f : 5* - Automato Deutschland\",\"isPartOf\":{\"@id\":\"https:\\\/\\\/iautomato.de\\\/#website\"},\"datePublished\":\"2022-09-03T00:22:19+00:00\",\"dateModified\":\"2026-03-20T15:04:51+00:00\",\"description\":\"P\u0159e\u010dt\u011bte si recenze na\u0161ich spokojen\u00fdch z\u00e1kazn\u00edk\u016f. P\u0159idejte se mezi n\u011b a vyu\u017eijte profesion\u00e1ln\u00edch slu\u017eeb iautomato.de p\u0159i v\u00fdb\u011bru va\u0161eho vozu.\",\"breadcrumb\":{\"@id\":\"https:\\\/\\\/iautomato.de\\\/de\\\/kundenbewertung\\\/#breadcrumb\"},\"inLanguage\":\"de\",\"potentialAction\":[{\"@type\":\"ReadAction\",\"target\":[\"https:\\\/\\\/iautomato.de\\\/de\\\/kundenbewertung\\\/\"]}]},{\"@type\":\"BreadcrumbList\",\"@id\":\"https:\\\/\\\/iautomato.de\\\/de\\\/kundenbewertung\\\/#breadcrumb\",\"itemListElement\":[{\"@type\":\"ListItem\",\"position\":1,\"name\":\"Dom\u016f\",\"item\":\"https:\\\/\\\/iautomato.de\\\/de\\\/\"},{\"@type\":\"ListItem\",\"position\":2,\"name\":\"Recenze z\u00e1kazn\u00edk\u016f\"}]},{\"@type\":\"WebSite\",\"@id\":\"https:\\\/\\\/iautomato.de\\\/#website\",\"url\":\"https:\\\/\\\/iautomato.de\\\/\",\"name\":\"Automato Deutschland\",\"description\":\"Wir pr\u00fcfen den Gebrauchtwagen vor dem Kauf: Schnell und deutschlandweit\",\"publisher\":{\"@id\":\"https:\\\/\\\/iautomato.de\\\/#organization\"},\"potentialAction\":[{\"@type\":\"SearchAction\",\"target\":{\"@type\":\"EntryPoint\",\"urlTemplate\":\"https:\\\/\\\/iautomato.de\\\/?s={search_term_string}\"},\"query-input\":{\"@type\":\"PropertyValueSpecification\",\"valueRequired\":true,\"valueName\":\"search_term_string\"}}],\"inLanguage\":\"de\"},{\"@type\":\"Organization\",\"@id\":\"https:\\\/\\\/iautomato.de\\\/#organization\",\"name\":\"Automato Deutschland\",\"url\":\"https:\\\/\\\/iautomato.de\\\/\",\"logo\":{\"@type\":\"ImageObject\",\"inLanguage\":\"de\",\"@id\":\"https:\\\/\\\/iautomato.de\\\/#\\\/schema\\\/logo\\\/image\\\/\",\"url\":\"https:\\\/\\\/iautomato.de\\\/wp-content\\\/uploads\\\/sites\\\/5\\\/2020\\\/02\\\/black_noBG.svg\",\"contentUrl\":\"https:\\\/\\\/iautomato.de\\\/wp-content\\\/uploads\\\/sites\\\/5\\\/2020\\\/02\\\/black_noBG.svg\",\"caption\":\"Automato Deutschland\"},\"image\":{\"@id\":\"https:\\\/\\\/iautomato.de\\\/#\\\/schema\\\/logo\\\/image\\\/\"}}]}<\/script>\n<!-- \/ Yoast SEO plugin. -->","yoast_head_json":{"title":"Kundenbewertung: 5* - Automato Deutschland","description":"Lesen Sie Bewertungen unserer zufriedenen Kunden. Machen Sie mit und nutzen Sie die professionellen Dienstleistungen von iautomato.de bei der Auswahl Ihres Autos.","robots":{"index":"index","follow":"follow","max-snippet":"max-snippet:-1","max-image-preview":"max-image-preview:large","max-video-preview":"max-video-preview:-1"},"canonical":"https:\/\/iautomato.de\/de\/kundenbewertung\/","og_locale":"de_DE","og_type":"article","og_title":"Recenze z\u00e1kazn\u00edk\u016f : 5* - Automato Deutschland","og_description":"P\u0159e\u010dt\u011bte si recenze na\u0161ich spokojen\u00fdch z\u00e1kazn\u00edk\u016f. P\u0159idejte se mezi n\u011b a vyu\u017eijte profesion\u00e1ln\u00edch slu\u017eeb iautomato.de p\u0159i v\u00fdb\u011bru va\u0161eho vozu.","og_url":"https:\/\/iautomato.de\/de\/kundenbewertung\/","og_site_name":"Automato Deutschland","article_modified_time":"2026-03-20T15:04:51+00:00","og_image":[{"width":960,"height":540,"url":"https:\/\/iautomato.de\/wp-content\/uploads\/sites\/5\/2023\/03\/image.png","type":"image\/png"}],"twitter_card":"summary_large_image","twitter_misc":{"Gesch\u00e4tzte Lesezeit":"12\u00a0Minuten"},"schema":{"@context":"https:\/\/schema.org","@graph":[{"@type":"WebPage","@id":"https:\/\/iautomato.de\/de\/kundenbewertung\/","url":"https:\/\/iautomato.de\/de\/kundenbewertung\/","name":"Kundenbewertung: 5* - Automato Deutschland","isPartOf":{"@id":"https:\/\/iautomato.de\/#website"},"datePublished":"2022-09-03T00:22:19+00:00","dateModified":"2026-03-20T15:04:51+00:00","description":"Lesen Sie Bewertungen unserer zufriedenen Kunden. Machen Sie mit und nutzen Sie die professionellen Dienstleistungen von iautomato.de bei der Auswahl Ihres Autos.","breadcrumb":{"@id":"https:\/\/iautomato.de\/de\/kundenbewertung\/#breadcrumb"},"inLanguage":"de","potentialAction":[{"@type":"ReadAction","target":["https:\/\/iautomato.de\/de\/kundenbewertung\/"]}]},{"@type":"BreadcrumbList","@id":"https:\/\/iautomato.de\/de\/kundenbewertung\/#breadcrumb","itemListElement":[{"@type":"ListItem","position":1,"name":"Dom\u016f","item":"https:\/\/iautomato.de\/de\/"},{"@type":"ListItem","position":2,"name":"Recenze z\u00e1kazn\u00edk\u016f"}]},{"@type":"WebSite","@id":"https:\/\/iautomato.de\/#website","url":"https:\/\/iautomato.de\/","name":"Automato Deutschland","description":"Wir pr\u00fcfen den Gebrauchtwagen vor dem Kauf: Schnell und deutschlandweit","publisher":{"@id":"https:\/\/iautomato.de\/#organization"},"potentialAction":[{"@type":"SearchAction","target":{"@type":"EntryPoint","urlTemplate":"https:\/\/iautomato.de\/?s={search_term_string}"},"query-input":{"@type":"PropertyValueSpecification","valueRequired":true,"valueName":"search_term_string"}}],"inLanguage":"de"},{"@type":"Organization","@id":"https:\/\/iautomato.de\/#organization","name":"Automato Deutschland","url":"https:\/\/iautomato.de\/","logo":{"@type":"ImageObject","inLanguage":"de","@id":"https:\/\/iautomato.de\/#\/schema\/logo\/image\/","url":"https:\/\/iautomato.de\/wp-content\/uploads\/sites\/5\/2020\/02\/black_noBG.svg","contentUrl":"https:\/\/iautomato.de\/wp-content\/uploads\/sites\/5\/2020\/02\/black_noBG.svg","caption":"Automato Deutschland"},"image":{"@id":"https:\/\/iautomato.de\/#\/schema\/logo\/image\/"}}]}},"_links":{"self":[{"href":"https:\/\/iautomato.de\/de\/wp-json\/wp\/v2\/pages\/7994","targetHints":{"allow":["GET"]}}],"collection":[{"href":"https:\/\/iautomato.de\/de\/wp-json\/wp\/v2\/pages"}],"about":[{"href":"https:\/\/iautomato.de\/de\/wp-json\/wp\/v2\/types\/page"}],"author":[{"embeddable":true,"href":"https:\/\/iautomato.de\/de\/wp-json\/wp\/v2\/users\/1"}],"replies":[{"embeddable":true,"href":"https:\/\/iautomato.de\/de\/wp-json\/wp\/v2\/comments?post=7994"}],"version-history":[{"count":14,"href":"https:\/\/iautomato.de\/de\/wp-json\/wp\/v2\/pages\/7994\/revisions"}],"predecessor-version":[{"id":18156,"href":"https:\/\/iautomato.de\/de\/wp-json\/wp\/v2\/pages\/7994\/revisions\/18156"}],"wp:attachment":[{"href":"https:\/\/iautomato.de\/de\/wp-json\/wp\/v2\/media?parent=7994"}],"curies":[{"name":"wp","href":"https:\/\/api.w.org\/{rel}","templated":true}]}}