{"id":6474,"date":"2022-04-09T23:01:47","date_gmt":"2022-04-09T21:01:47","guid":{"rendered":"https:\/\/iautomato.de\/?post_type=product&#038;p=6474"},"modified":"2025-07-10T00:13:46","modified_gmt":"2025-07-09T22:13:46","slug":"kompletter-fahrzeug-historiencheck","status":"publish","type":"product","link":"https:\/\/iautomato.de\/de\/produkt\/komplette-online-fahrzeuginspektion\/","title":{"rendered":"Kompletter Fahrzeug-Historiencheck"},"content":{"rendered":"","protected":false},"excerpt":{"rendered":"<p>Wir pr\u00fcfen das Auto und den Verk\u00e4ufer in Online-Datenbanken von A bis Z.<\/p>","protected":false},"featured_media":16279,"template":"","meta":{"_jf_limit_responses":""},"product_brand":[],"product_cat":[57],"product_tag":[88],"class_list":{"0":"post-6474","1":"product","2":"type-product","3":"status-publish","4":"has-post-thumbnail","6":"product_cat-koupit-vuz","7":"product_tag-mainproduct","9":"entry","10":"has-media","12":"first","13":"instock","14":"taxable","15":"shipping-taxable","16":"purchasable","17":"product-type-simple","18":"col","19":"span_1_of_3","20":"owp-content-center","21":"owp-thumbs-layout-horizontal","22":"owp-btn-big","23":"owp-tabs-layout-section","24":"has-no-thumbnails"},"yoast_head":"<!-- This site is optimized with the Yoast SEO plugin v27.4 - https:\/\/yoast.com\/product\/yoast-seo-wordpress\/ -->\n<title>Komplette Online Fahrzeuginspektion - Automato Deutschland<\/title>\n<meta name=\"description\" content=\"Nab\u00edz\u00edme kompletn\u00ed online kontrolu va\u0161eho vysn\u011bn\u00e9ho vozu od zku\u0161en\u00fdch odborn\u00edk\u016f. Do 24 hodin dostanete v\u00fdsledky kontroly. Prov\u011b\u0159eno 250+ spokojen\u00fdmi klienty.\" \/>\n<meta name=\"robots\" content=\"index, follow, max-snippet:-1, max-image-preview:large, max-video-preview:-1\" \/>\n<link rel=\"canonical\" href=\"https:\/\/iautomato.de\/de\/produkt\/kompletter-fahrzeug-historiencheck\/\" \/>\n<meta property=\"og:locale\" content=\"de_DE\" \/>\n<meta property=\"og:type\" content=\"article\" \/>\n<meta property=\"og:title\" content=\"Komplette Online Fahrzeuginspektion - Automato Deutschland\" \/>\n<meta property=\"og:description\" content=\"Nab\u00edz\u00edme kompletn\u00ed online kontrolu va\u0161eho vysn\u011bn\u00e9ho vozu od zku\u0161en\u00fdch odborn\u00edk\u016f. Do 24 hodin dostanete v\u00fdsledky kontroly. Prov\u011b\u0159eno 250+ spokojen\u00fdmi klienty.\" \/>\n<meta property=\"og:url\" content=\"https:\/\/iautomato.de\/de\/produkt\/kompletter-fahrzeug-historiencheck\/\" \/>\n<meta property=\"og:site_name\" content=\"Automato Deutschland\" \/>\n<meta property=\"article:modified_time\" content=\"2025-07-09T22:13:46+00:00\" \/>\n<meta property=\"og:image\" content=\"https:\/\/iautomato.de\/wp-content\/uploads\/sites\/5\/2022\/04\/Komplette_Online-Fahrzeuginspektion.webp\" \/>\n\t<meta property=\"og:image:width\" content=\"1800\" \/>\n\t<meta property=\"og:image:height\" content=\"1080\" \/>\n\t<meta property=\"og:image:type\" content=\"image\/webp\" \/>\n<meta name=\"twitter:card\" content=\"summary_large_image\" \/>\n<script type=\"application\/ld+json\" class=\"yoast-schema-graph\">{\"@context\":\"https:\\\/\\\/schema.org\",\"@graph\":[{\"@type\":\"WebPage\",\"@id\":\"https:\\\/\\\/iautomato.de\\\/produkt\\\/komplette-online-fahrzeuginspektion\\\/\",\"url\":\"https:\\\/\\\/iautomato.de\\\/produkt\\\/komplette-online-fahrzeuginspektion\\\/\",\"name\":\"Komplette Online Fahrzeuginspektion - Automato Deutschland\",\"isPartOf\":{\"@id\":\"https:\\\/\\\/iautomato.de\\\/#website\"},\"primaryImageOfPage\":{\"@id\":\"https:\\\/\\\/iautomato.de\\\/produkt\\\/komplette-online-fahrzeuginspektion\\\/#primaryimage\"},\"image\":{\"@id\":\"https:\\\/\\\/iautomato.de\\\/produkt\\\/komplette-online-fahrzeuginspektion\\\/#primaryimage\"},\"thumbnailUrl\":\"https:\\\/\\\/iautomato.de\\\/wp-content\\\/uploads\\\/sites\\\/5\\\/2022\\\/04\\\/Komplette_Online-Fahrzeuginspektion.webp\",\"datePublished\":\"2022-04-09T21:01:47+00:00\",\"dateModified\":\"2025-07-09T22:13:46+00:00\",\"description\":\"Nab\u00edz\u00edme kompletn\u00ed online kontrolu va\u0161eho vysn\u011bn\u00e9ho vozu od zku\u0161en\u00fdch odborn\u00edk\u016f. Do 24 hodin dostanete v\u00fdsledky kontroly. Prov\u011b\u0159eno 250+ spokojen\u00fdmi klienty.\",\"breadcrumb\":{\"@id\":\"https:\\\/\\\/iautomato.de\\\/produkt\\\/komplette-online-fahrzeuginspektion\\\/#breadcrumb\"},\"inLanguage\":\"de\",\"potentialAction\":[{\"@type\":\"ReadAction\",\"target\":[\"https:\\\/\\\/iautomato.de\\\/produkt\\\/komplette-online-fahrzeuginspektion\\\/\"]}]},{\"@type\":\"ImageObject\",\"inLanguage\":\"de\",\"@id\":\"https:\\\/\\\/iautomato.de\\\/produkt\\\/komplette-online-fahrzeuginspektion\\\/#primaryimage\",\"url\":\"https:\\\/\\\/iautomato.de\\\/wp-content\\\/uploads\\\/sites\\\/5\\\/2022\\\/04\\\/Komplette_Online-Fahrzeuginspektion.webp\",\"contentUrl\":\"https:\\\/\\\/iautomato.de\\\/wp-content\\\/uploads\\\/sites\\\/5\\\/2022\\\/04\\\/Komplette_Online-Fahrzeuginspektion.webp\",\"width\":1800,\"height\":1080,\"caption\":\"Komplette Online-Fahrzeuginspektion\"},{\"@type\":\"BreadcrumbList\",\"@id\":\"https:\\\/\\\/iautomato.de\\\/produkt\\\/komplette-online-fahrzeuginspektion\\\/#breadcrumb\",\"itemListElement\":[{\"@type\":\"ListItem\",\"position\":1,\"name\":\"Dom\u016f\",\"item\":\"https:\\\/\\\/iautomato.de\\\/de\\\/\"},{\"@type\":\"ListItem\",\"position\":2,\"name\":\"Produkte\",\"item\":\"https:\\\/\\\/iautomato.de\\\/shop\\\/\"},{\"@type\":\"ListItem\",\"position\":3,\"name\":\"Komplette Online Fahrzeuginspektion\"}]},{\"@type\":\"WebSite\",\"@id\":\"https:\\\/\\\/iautomato.de\\\/#website\",\"url\":\"https:\\\/\\\/iautomato.de\\\/\",\"name\":\"Automato Deutschland\",\"description\":\"Wir pr\u00fcfen den Gebrauchtwagen vor dem Kauf: Schnell und deutschlandweit\",\"publisher\":{\"@id\":\"https:\\\/\\\/iautomato.de\\\/#organization\"},\"potentialAction\":[{\"@type\":\"SearchAction\",\"target\":{\"@type\":\"EntryPoint\",\"urlTemplate\":\"https:\\\/\\\/iautomato.de\\\/?s={search_term_string}\"},\"query-input\":{\"@type\":\"PropertyValueSpecification\",\"valueRequired\":true,\"valueName\":\"search_term_string\"}}],\"inLanguage\":\"de\"},{\"@type\":\"Organization\",\"@id\":\"https:\\\/\\\/iautomato.de\\\/#organization\",\"name\":\"Automato Deutschland\",\"url\":\"https:\\\/\\\/iautomato.de\\\/\",\"logo\":{\"@type\":\"ImageObject\",\"inLanguage\":\"de\",\"@id\":\"https:\\\/\\\/iautomato.de\\\/#\\\/schema\\\/logo\\\/image\\\/\",\"url\":\"https:\\\/\\\/iautomato.de\\\/wp-content\\\/uploads\\\/sites\\\/5\\\/2020\\\/02\\\/black_noBG.svg\",\"contentUrl\":\"https:\\\/\\\/iautomato.de\\\/wp-content\\\/uploads\\\/sites\\\/5\\\/2020\\\/02\\\/black_noBG.svg\",\"caption\":\"Automato Deutschland\"},\"image\":{\"@id\":\"https:\\\/\\\/iautomato.de\\\/#\\\/schema\\\/logo\\\/image\\\/\"}}]}<\/script>\n<!-- \/ Yoast SEO plugin. -->","yoast_head_json":{"title":"Kompletter Fahrzeug-Historiencheck - Automato Deutschland","description":"Wir bieten eine vollst\u00e4ndige Online-Inspektion Ihres Traumautos durch erfahrene Experten. Das Ergebnis der Inspektion erhalten Sie innerhalb von 24 Stunden. Von \u00fcber 250 zufriedenen Kunden best\u00e4tigt.","robots":{"index":"index","follow":"follow","max-snippet":"max-snippet:-1","max-image-preview":"max-image-preview:large","max-video-preview":"max-video-preview:-1"},"canonical":"https:\/\/iautomato.de\/de\/produkt\/kompletter-fahrzeug-historiencheck\/","og_locale":"de_DE","og_type":"article","og_title":"Komplette Online Fahrzeuginspektion - Automato Deutschland","og_description":"Nab\u00edz\u00edme kompletn\u00ed online kontrolu va\u0161eho vysn\u011bn\u00e9ho vozu od zku\u0161en\u00fdch odborn\u00edk\u016f. Do 24 hodin dostanete v\u00fdsledky kontroly. Prov\u011b\u0159eno 250+ spokojen\u00fdmi klienty.","og_url":"https:\/\/iautomato.de\/de\/produkt\/kompletter-fahrzeug-historiencheck\/","og_site_name":"Automato Deutschland","article_modified_time":"2025-07-09T22:13:46+00:00","og_image":[{"width":1800,"height":1080,"url":"https:\/\/iautomato.de\/wp-content\/uploads\/sites\/5\/2022\/04\/Komplette_Online-Fahrzeuginspektion.webp","type":"image\/webp"}],"twitter_card":"summary_large_image","schema":{"@context":"https:\/\/schema.org","@graph":[{"@type":"WebPage","@id":"https:\/\/iautomato.de\/produkt\/komplette-online-fahrzeuginspektion\/","url":"https:\/\/iautomato.de\/produkt\/komplette-online-fahrzeuginspektion\/","name":"Kompletter Fahrzeug-Historiencheck - Automato Deutschland","isPartOf":{"@id":"https:\/\/iautomato.de\/#website"},"primaryImageOfPage":{"@id":"https:\/\/iautomato.de\/produkt\/komplette-online-fahrzeuginspektion\/#primaryimage"},"image":{"@id":"https:\/\/iautomato.de\/produkt\/komplette-online-fahrzeuginspektion\/#primaryimage"},"thumbnailUrl":"https:\/\/iautomato.de\/wp-content\/uploads\/sites\/5\/2022\/04\/Komplette_Online-Fahrzeuginspektion.webp","datePublished":"2022-04-09T21:01:47+00:00","dateModified":"2025-07-09T22:13:46+00:00","description":"Wir bieten eine vollst\u00e4ndige Online-Inspektion Ihres Traumautos durch erfahrene Experten. Das Ergebnis der Inspektion erhalten Sie innerhalb von 24 Stunden. Von \u00fcber 250 zufriedenen Kunden best\u00e4tigt.","breadcrumb":{"@id":"https:\/\/iautomato.de\/produkt\/komplette-online-fahrzeuginspektion\/#breadcrumb"},"inLanguage":"de","potentialAction":[{"@type":"ReadAction","target":["https:\/\/iautomato.de\/produkt\/komplette-online-fahrzeuginspektion\/"]}]},{"@type":"ImageObject","inLanguage":"de","@id":"https:\/\/iautomato.de\/produkt\/komplette-online-fahrzeuginspektion\/#primaryimage","url":"https:\/\/iautomato.de\/wp-content\/uploads\/sites\/5\/2022\/04\/Komplette_Online-Fahrzeuginspektion.webp","contentUrl":"https:\/\/iautomato.de\/wp-content\/uploads\/sites\/5\/2022\/04\/Komplette_Online-Fahrzeuginspektion.webp","width":1800,"height":1080,"caption":"Komplette Online-Fahrzeuginspektion"},{"@type":"BreadcrumbList","@id":"https:\/\/iautomato.de\/produkt\/komplette-online-fahrzeuginspektion\/#breadcrumb","itemListElement":[{"@type":"ListItem","position":1,"name":"Dom\u016f","item":"https:\/\/iautomato.de\/de\/"},{"@type":"ListItem","position":2,"name":"Produkte","item":"https:\/\/iautomato.de\/shop\/"},{"@type":"ListItem","position":3,"name":"Komplette Online Fahrzeuginspektion"}]},{"@type":"WebSite","@id":"https:\/\/iautomato.de\/#website","url":"https:\/\/iautomato.de\/","name":"Automato Deutschland","description":"Wir pr\u00fcfen den Gebrauchtwagen vor dem Kauf: Schnell und deutschlandweit","publisher":{"@id":"https:\/\/iautomato.de\/#organization"},"potentialAction":[{"@type":"SearchAction","target":{"@type":"EntryPoint","urlTemplate":"https:\/\/iautomato.de\/?s={search_term_string}"},"query-input":{"@type":"PropertyValueSpecification","valueRequired":true,"valueName":"search_term_string"}}],"inLanguage":"de"},{"@type":"Organization","@id":"https:\/\/iautomato.de\/#organization","name":"Automato Deutschland","url":"https:\/\/iautomato.de\/","logo":{"@type":"ImageObject","inLanguage":"de","@id":"https:\/\/iautomato.de\/#\/schema\/logo\/image\/","url":"https:\/\/iautomato.de\/wp-content\/uploads\/sites\/5\/2020\/02\/black_noBG.svg","contentUrl":"https:\/\/iautomato.de\/wp-content\/uploads\/sites\/5\/2020\/02\/black_noBG.svg","caption":"Automato Deutschland"},"image":{"@id":"https:\/\/iautomato.de\/#\/schema\/logo\/image\/"}}]}},"_links":{"self":[{"href":"https:\/\/iautomato.de\/de\/wp-json\/wp\/v2\/product\/6474","targetHints":{"allow":["GET"]}}],"collection":[{"href":"https:\/\/iautomato.de\/de\/wp-json\/wp\/v2\/product"}],"about":[{"href":"https:\/\/iautomato.de\/de\/wp-json\/wp\/v2\/types\/product"}],"wp:featuredmedia":[{"embeddable":true,"href":"https:\/\/iautomato.de\/de\/wp-json\/wp\/v2\/media\/16279"}],"wp:attachment":[{"href":"https:\/\/iautomato.de\/de\/wp-json\/wp\/v2\/media?parent=6474"}],"wp:term":[{"taxonomy":"product_brand","embeddable":true,"href":"https:\/\/iautomato.de\/de\/wp-json\/wp\/v2\/product_brand?post=6474"},{"taxonomy":"product_cat","embeddable":true,"href":"https:\/\/iautomato.de\/de\/wp-json\/wp\/v2\/product_cat?post=6474"},{"taxonomy":"product_tag","embeddable":true,"href":"https:\/\/iautomato.de\/de\/wp-json\/wp\/v2\/product_tag?post=6474"}],"curies":[{"name":"wp","href":"https:\/\/api.w.org\/{rel}","templated":true}]}}