{"id":5806,"date":"2022-02-01T17:15:35","date_gmt":"2022-02-01T16:15:35","guid":{"rendered":"https:\/\/iautomato.de\/?post_type=product&#038;p=5806"},"modified":"2026-03-20T17:31:13","modified_gmt":"2026-03-20T16:31:13","slug":"car-selection-assistance","status":"publish","type":"product","link":"https:\/\/iautomato.de\/en\/produkt\/asistence-s-vyberem-vozu\/","title":{"rendered":"Car selection"},"content":{"rendered":"","protected":false},"excerpt":{"rendered":"<p>We will advise you on what car to look for and find the ideal offer.<\/p>","protected":false},"featured_media":16278,"template":"","meta":{"_jf_limit_responses":""},"product_brand":[],"product_cat":[57],"product_tag":[88],"class_list":{"0":"post-5806","1":"product","2":"type-product","3":"status-publish","4":"has-post-thumbnail","6":"product_cat-koupit-vuz","7":"product_tag-mainproduct","9":"entry","10":"has-media","12":"first","13":"instock","14":"taxable","15":"shipping-taxable","16":"purchasable","17":"product-type-simple","18":"col","19":"span_1_of_3","20":"owp-content-center","21":"owp-thumbs-layout-horizontal","22":"owp-btn-big","23":"owp-tabs-layout-section","24":"has-no-thumbnails"},"yoast_head":"<!-- This site is optimized with the Yoast SEO plugin v27.4 - https:\/\/yoast.com\/product\/yoast-seo-wordpress\/ -->\n<title>Autoauswahl - Automato Deutschland<\/title>\n<meta name=\"description\" content=\"Nab\u00edz\u00edme asistenci p\u0159i v\u00fdb\u011bru va\u0161eho vysn\u011bn\u00e9ho vozu od zku\u0161en\u00fdch odborn\u00edk\u016f. Aktivn\u00ed vyhled\u00e1v\u00e1n\u00ed nab\u00eddek aut. P\u0159es 250 spokojen\u00fdch klient\u016f.\" \/>\n<meta name=\"robots\" content=\"index, follow, max-snippet:-1, max-image-preview:large, max-video-preview:-1\" \/>\n<link rel=\"canonical\" href=\"https:\/\/iautomato.de\/en\/product-2\/car-selection-assistance\/\" \/>\n<meta property=\"og:locale\" content=\"en_US\" \/>\n<meta property=\"og:type\" content=\"article\" \/>\n<meta property=\"og:title\" content=\"Autoauswahl - Automato Deutschland\" \/>\n<meta property=\"og:description\" content=\"Nab\u00edz\u00edme asistenci p\u0159i v\u00fdb\u011bru va\u0161eho vysn\u011bn\u00e9ho vozu od zku\u0161en\u00fdch odborn\u00edk\u016f. Aktivn\u00ed vyhled\u00e1v\u00e1n\u00ed nab\u00eddek aut. P\u0159es 250 spokojen\u00fdch klient\u016f.\" \/>\n<meta property=\"og:url\" content=\"https:\/\/iautomato.de\/en\/product-2\/car-selection-assistance\/\" \/>\n<meta property=\"og:site_name\" content=\"Automato Deutschland\" \/>\n<meta property=\"article:modified_time\" content=\"2026-03-20T16:31:13+00:00\" \/>\n<meta property=\"og:image\" content=\"https:\/\/iautomato.de\/wp-content\/uploads\/sites\/5\/2022\/02\/Autoauswahl.webp\" \/>\n\t<meta property=\"og:image:width\" content=\"1800\" \/>\n\t<meta property=\"og:image:height\" content=\"1080\" \/>\n\t<meta property=\"og:image:type\" content=\"image\/webp\" \/>\n<meta name=\"twitter:card\" content=\"summary_large_image\" \/>\n<script type=\"application\/ld+json\" class=\"yoast-schema-graph\">{\"@context\":\"https:\\\/\\\/schema.org\",\"@graph\":[{\"@type\":\"WebPage\",\"@id\":\"https:\\\/\\\/iautomato.de\\\/produkt\\\/asistence-s-vyberem-vozu\\\/\",\"url\":\"https:\\\/\\\/iautomato.de\\\/produkt\\\/asistence-s-vyberem-vozu\\\/\",\"name\":\"Autoauswahl - Automato Deutschland\",\"isPartOf\":{\"@id\":\"https:\\\/\\\/iautomato.de\\\/#website\"},\"primaryImageOfPage\":{\"@id\":\"https:\\\/\\\/iautomato.de\\\/produkt\\\/asistence-s-vyberem-vozu\\\/#primaryimage\"},\"image\":{\"@id\":\"https:\\\/\\\/iautomato.de\\\/produkt\\\/asistence-s-vyberem-vozu\\\/#primaryimage\"},\"thumbnailUrl\":\"https:\\\/\\\/iautomato.de\\\/wp-content\\\/uploads\\\/sites\\\/5\\\/2022\\\/02\\\/Autoauswahl.webp\",\"datePublished\":\"2022-02-01T16:15:35+00:00\",\"dateModified\":\"2026-03-20T16:31:13+00:00\",\"description\":\"Nab\u00edz\u00edme asistenci p\u0159i v\u00fdb\u011bru va\u0161eho vysn\u011bn\u00e9ho vozu od zku\u0161en\u00fdch odborn\u00edk\u016f. Aktivn\u00ed vyhled\u00e1v\u00e1n\u00ed nab\u00eddek aut. P\u0159es 250 spokojen\u00fdch klient\u016f.\",\"breadcrumb\":{\"@id\":\"https:\\\/\\\/iautomato.de\\\/produkt\\\/asistence-s-vyberem-vozu\\\/#breadcrumb\"},\"inLanguage\":\"en-US\",\"potentialAction\":[{\"@type\":\"ReadAction\",\"target\":[\"https:\\\/\\\/iautomato.de\\\/produkt\\\/asistence-s-vyberem-vozu\\\/\"]}]},{\"@type\":\"ImageObject\",\"inLanguage\":\"en-US\",\"@id\":\"https:\\\/\\\/iautomato.de\\\/produkt\\\/asistence-s-vyberem-vozu\\\/#primaryimage\",\"url\":\"https:\\\/\\\/iautomato.de\\\/wp-content\\\/uploads\\\/sites\\\/5\\\/2022\\\/02\\\/Autoauswahl.webp\",\"contentUrl\":\"https:\\\/\\\/iautomato.de\\\/wp-content\\\/uploads\\\/sites\\\/5\\\/2022\\\/02\\\/Autoauswahl.webp\",\"width\":1800,\"height\":1080,\"caption\":\"Autoauswahl\"},{\"@type\":\"BreadcrumbList\",\"@id\":\"https:\\\/\\\/iautomato.de\\\/produkt\\\/asistence-s-vyberem-vozu\\\/#breadcrumb\",\"itemListElement\":[{\"@type\":\"ListItem\",\"position\":1,\"name\":\"Dom\u016f\",\"item\":\"https:\\\/\\\/iautomato.de\\\/de\\\/\"},{\"@type\":\"ListItem\",\"position\":2,\"name\":\"Produkte\",\"item\":\"https:\\\/\\\/iautomato.de\\\/shop\\\/\"},{\"@type\":\"ListItem\",\"position\":3,\"name\":\"Autoauswahl\"}]},{\"@type\":\"WebSite\",\"@id\":\"https:\\\/\\\/iautomato.de\\\/#website\",\"url\":\"https:\\\/\\\/iautomato.de\\\/\",\"name\":\"Automato Deutschland\",\"description\":\"Wir pr\u00fcfen den Gebrauchtwagen vor dem Kauf: Schnell und deutschlandweit\",\"publisher\":{\"@id\":\"https:\\\/\\\/iautomato.de\\\/#organization\"},\"potentialAction\":[{\"@type\":\"SearchAction\",\"target\":{\"@type\":\"EntryPoint\",\"urlTemplate\":\"https:\\\/\\\/iautomato.de\\\/?s={search_term_string}\"},\"query-input\":{\"@type\":\"PropertyValueSpecification\",\"valueRequired\":true,\"valueName\":\"search_term_string\"}}],\"inLanguage\":\"en-US\"},{\"@type\":\"Organization\",\"@id\":\"https:\\\/\\\/iautomato.de\\\/#organization\",\"name\":\"Automato Deutschland\",\"url\":\"https:\\\/\\\/iautomato.de\\\/\",\"logo\":{\"@type\":\"ImageObject\",\"inLanguage\":\"en-US\",\"@id\":\"https:\\\/\\\/iautomato.de\\\/#\\\/schema\\\/logo\\\/image\\\/\",\"url\":\"https:\\\/\\\/iautomato.de\\\/wp-content\\\/uploads\\\/sites\\\/5\\\/2020\\\/02\\\/black_noBG.svg\",\"contentUrl\":\"https:\\\/\\\/iautomato.de\\\/wp-content\\\/uploads\\\/sites\\\/5\\\/2020\\\/02\\\/black_noBG.svg\",\"caption\":\"Automato Deutschland\"},\"image\":{\"@id\":\"https:\\\/\\\/iautomato.de\\\/#\\\/schema\\\/logo\\\/image\\\/\"}}]}<\/script>\n<!-- \/ Yoast SEO plugin. -->","yoast_head_json":{"title":"Car selection assistance - Automato Deutschland","description":"We offer assistance in choosing your dream car from experienced experts. Active search for car offers. Over 250 satisfied clients.","robots":{"index":"index","follow":"follow","max-snippet":"max-snippet:-1","max-image-preview":"max-image-preview:large","max-video-preview":"max-video-preview:-1"},"canonical":"https:\/\/iautomato.de\/en\/product-2\/car-selection-assistance\/","og_locale":"en_US","og_type":"article","og_title":"Autoauswahl - Automato Deutschland","og_description":"Nab\u00edz\u00edme asistenci p\u0159i v\u00fdb\u011bru va\u0161eho vysn\u011bn\u00e9ho vozu od zku\u0161en\u00fdch odborn\u00edk\u016f. Aktivn\u00ed vyhled\u00e1v\u00e1n\u00ed nab\u00eddek aut. P\u0159es 250 spokojen\u00fdch klient\u016f.","og_url":"https:\/\/iautomato.de\/en\/product-2\/car-selection-assistance\/","og_site_name":"Automato Deutschland","article_modified_time":"2026-03-20T16:31:13+00:00","og_image":[{"width":1800,"height":1080,"url":"https:\/\/iautomato.de\/wp-content\/uploads\/sites\/5\/2022\/02\/Autoauswahl.webp","type":"image\/webp"}],"twitter_card":"summary_large_image","schema":{"@context":"https:\/\/schema.org","@graph":[{"@type":"WebPage","@id":"https:\/\/iautomato.de\/produkt\/asistence-s-vyberem-vozu\/","url":"https:\/\/iautomato.de\/produkt\/asistence-s-vyberem-vozu\/","name":"Car selection assistance - Automato Deutschland","isPartOf":{"@id":"https:\/\/iautomato.de\/#website"},"primaryImageOfPage":{"@id":"https:\/\/iautomato.de\/produkt\/asistence-s-vyberem-vozu\/#primaryimage"},"image":{"@id":"https:\/\/iautomato.de\/produkt\/asistence-s-vyberem-vozu\/#primaryimage"},"thumbnailUrl":"https:\/\/iautomato.de\/wp-content\/uploads\/sites\/5\/2022\/02\/Autoauswahl.webp","datePublished":"2022-02-01T16:15:35+00:00","dateModified":"2026-03-20T16:31:13+00:00","description":"We offer assistance in choosing your dream car from experienced experts. Active search for car offers. Over 250 satisfied clients.","breadcrumb":{"@id":"https:\/\/iautomato.de\/produkt\/asistence-s-vyberem-vozu\/#breadcrumb"},"inLanguage":"en-US","potentialAction":[{"@type":"ReadAction","target":["https:\/\/iautomato.de\/produkt\/asistence-s-vyberem-vozu\/"]}]},{"@type":"ImageObject","inLanguage":"en-US","@id":"https:\/\/iautomato.de\/produkt\/asistence-s-vyberem-vozu\/#primaryimage","url":"https:\/\/iautomato.de\/wp-content\/uploads\/sites\/5\/2022\/02\/Autoauswahl.webp","contentUrl":"https:\/\/iautomato.de\/wp-content\/uploads\/sites\/5\/2022\/02\/Autoauswahl.webp","width":1800,"height":1080,"caption":"Autoauswahl"},{"@type":"BreadcrumbList","@id":"https:\/\/iautomato.de\/produkt\/asistence-s-vyberem-vozu\/#breadcrumb","itemListElement":[{"@type":"ListItem","position":1,"name":"Dom\u016f","item":"https:\/\/iautomato.de\/de\/"},{"@type":"ListItem","position":2,"name":"Produkte","item":"https:\/\/iautomato.de\/shop\/"},{"@type":"ListItem","position":3,"name":"Autoauswahl"}]},{"@type":"WebSite","@id":"https:\/\/iautomato.de\/#website","url":"https:\/\/iautomato.de\/","name":"Automato Germany","description":"Wir pr\u00fcfen den Gebrauchtwagen vor dem Kauf: Schnell und deutschlandweit","publisher":{"@id":"https:\/\/iautomato.de\/#organization"},"potentialAction":[{"@type":"SearchAction","target":{"@type":"EntryPoint","urlTemplate":"https:\/\/iautomato.de\/?s={search_term_string}"},"query-input":{"@type":"PropertyValueSpecification","valueRequired":true,"valueName":"search_term_string"}}],"inLanguage":"en-US"},{"@type":"Organization","@id":"https:\/\/iautomato.de\/#organization","name":"Automato Germany","url":"https:\/\/iautomato.de\/","logo":{"@type":"ImageObject","inLanguage":"en-US","@id":"https:\/\/iautomato.de\/#\/schema\/logo\/image\/","url":"https:\/\/iautomato.de\/wp-content\/uploads\/sites\/5\/2020\/02\/black_noBG.svg","contentUrl":"https:\/\/iautomato.de\/wp-content\/uploads\/sites\/5\/2020\/02\/black_noBG.svg","caption":"Automato Deutschland"},"image":{"@id":"https:\/\/iautomato.de\/#\/schema\/logo\/image\/"}}]}},"_links":{"self":[{"href":"https:\/\/iautomato.de\/en\/wp-json\/wp\/v2\/product\/5806","targetHints":{"allow":["GET"]}}],"collection":[{"href":"https:\/\/iautomato.de\/en\/wp-json\/wp\/v2\/product"}],"about":[{"href":"https:\/\/iautomato.de\/en\/wp-json\/wp\/v2\/types\/product"}],"wp:featuredmedia":[{"embeddable":true,"href":"https:\/\/iautomato.de\/en\/wp-json\/wp\/v2\/media\/16278"}],"wp:attachment":[{"href":"https:\/\/iautomato.de\/en\/wp-json\/wp\/v2\/media?parent=5806"}],"wp:term":[{"taxonomy":"product_brand","embeddable":true,"href":"https:\/\/iautomato.de\/en\/wp-json\/wp\/v2\/product_brand?post=5806"},{"taxonomy":"product_cat","embeddable":true,"href":"https:\/\/iautomato.de\/en\/wp-json\/wp\/v2\/product_cat?post=5806"},{"taxonomy":"product_tag","embeddable":true,"href":"https:\/\/iautomato.de\/en\/wp-json\/wp\/v2\/product_tag?post=5806"}],"curies":[{"name":"wp","href":"https:\/\/api.w.org\/{rel}","templated":true}]}}