{"id":2951,"date":"2021-07-13T01:09:20","date_gmt":"2021-07-12T23:09:20","guid":{"rendered":"https:\/\/iautomato.de\/?post_type=product&#038;p=2951"},"modified":"2026-04-20T21:48:05","modified_gmt":"2026-04-20T19:48:05","slug":"occasion-aankoopkeuring","status":"publish","type":"product","link":"https:\/\/iautomato.de\/nl\/produkt\/gebrauchtwagen-check-vor-kauf\/","title":{"rendered":"Aankoopkeuring"},"content":{"rendered":"","protected":false},"excerpt":{"rendered":"<p>Fyzick\u00e1 prohl\u00eddka ojet\u00e9ho vozu <strong>bez va\u0161\u00ed \u00fa\u010dasti<\/strong>. Dostanete online p\u0159ehled i s videem.<\/p>","protected":false},"featured_media":16277,"template":"","meta":{"_jf_limit_responses":""},"product_brand":[],"product_cat":[57],"product_tag":[89,88],"class_list":{"0":"post-2951","1":"product","2":"type-product","3":"status-publish","4":"has-post-thumbnail","6":"product_cat-koupit-vuz","7":"product_tag-allowordersys","8":"product_tag-mainproduct","10":"entry","11":"has-media","13":"first","14":"instock","15":"taxable","16":"shipping-taxable","17":"purchasable","18":"product-type-simple","19":"col","20":"span_1_of_3","21":"owp-content-center","22":"owp-thumbs-layout-horizontal","23":"owp-btn-big","24":"owp-tabs-layout-section","25":"has-no-thumbnails"},"yoast_head":"<!-- This site is optimized with the Yoast SEO plugin v27.4 - https:\/\/yoast.com\/product\/yoast-seo-wordpress\/ -->\n<title>Gebrauchtwagen-Check vor dem Kauf - Automato Deutschland<\/title>\n<meta name=\"description\" content=\"Pl\u00e1nujete koupit ojet\u00e9 auto a m\u00e1te ji\u017e vyhl\u00e9dnut\u00fd ten spr\u00e1vn\u00fd kousek, ale je na opa\u010dn\u00e9m konci republiky? Sv\u011b\u0159te kontrolu na\u0161im mechanik\u016fm a my v\u00e1m \u0159ekneme, zda pro n\u011bj m\u00e1 cenu jezdit.\" \/>\n<meta name=\"robots\" content=\"index, follow, max-snippet:-1, max-image-preview:large, max-video-preview:-1\" \/>\n<link rel=\"canonical\" href=\"https:\/\/iautomato.de\/nl\/product-2\/occasion-aankoopkeuring\/\" \/>\n<meta property=\"og:locale\" content=\"nl_NL\" \/>\n<meta property=\"og:type\" content=\"article\" \/>\n<meta property=\"og:title\" content=\"Gebrauchtwagen-Check vor dem Kauf - Automato Deutschland\" \/>\n<meta property=\"og:description\" content=\"Pl\u00e1nujete koupit ojet\u00e9 auto a m\u00e1te ji\u017e vyhl\u00e9dnut\u00fd ten spr\u00e1vn\u00fd kousek, ale je na opa\u010dn\u00e9m konci republiky? Sv\u011b\u0159te kontrolu na\u0161im mechanik\u016fm a my v\u00e1m \u0159ekneme, zda pro n\u011bj m\u00e1 cenu jezdit.\" \/>\n<meta property=\"og:url\" content=\"https:\/\/iautomato.de\/nl\/product-2\/occasion-aankoopkeuring\/\" \/>\n<meta property=\"og:site_name\" content=\"Automato Deutschland\" \/>\n<meta property=\"article:modified_time\" content=\"2026-04-20T19:48:05+00:00\" \/>\n<meta property=\"og:image\" content=\"https:\/\/iautomato.de\/wp-content\/uploads\/sites\/5\/2021\/07\/Ferninspektion_des_Fahrzeugs.webp\" \/>\n\t<meta property=\"og:image:width\" content=\"1800\" \/>\n\t<meta property=\"og:image:height\" content=\"1080\" \/>\n\t<meta property=\"og:image:type\" content=\"image\/webp\" \/>\n<meta name=\"twitter:card\" content=\"summary_large_image\" \/>\n<meta name=\"twitter:label1\" content=\"Geschatte leestijd\" \/>\n\t<meta name=\"twitter:data1\" content=\"1 minuut\" \/>\n<script type=\"application\/ld+json\" class=\"yoast-schema-graph\">{\"@context\":\"https:\\\/\\\/schema.org\",\"@graph\":[{\"@type\":\"WebPage\",\"@id\":\"https:\\\/\\\/iautomato.de\\\/produkt\\\/gebrauchtwagen-check-vor-kauf\\\/\",\"url\":\"https:\\\/\\\/iautomato.de\\\/produkt\\\/gebrauchtwagen-check-vor-kauf\\\/\",\"name\":\"Gebrauchtwagen-Check vor dem Kauf - Automato Deutschland\",\"isPartOf\":{\"@id\":\"https:\\\/\\\/iautomato.de\\\/#website\"},\"primaryImageOfPage\":{\"@id\":\"https:\\\/\\\/iautomato.de\\\/produkt\\\/gebrauchtwagen-check-vor-kauf\\\/#primaryimage\"},\"image\":{\"@id\":\"https:\\\/\\\/iautomato.de\\\/produkt\\\/gebrauchtwagen-check-vor-kauf\\\/#primaryimage\"},\"thumbnailUrl\":\"https:\\\/\\\/iautomato.de\\\/wp-content\\\/uploads\\\/sites\\\/5\\\/2021\\\/07\\\/Ferninspektion_des_Fahrzeugs.webp\",\"datePublished\":\"2021-07-12T23:09:20+00:00\",\"dateModified\":\"2026-04-20T19:48:05+00:00\",\"description\":\"Pl\u00e1nujete koupit ojet\u00e9 auto a m\u00e1te ji\u017e vyhl\u00e9dnut\u00fd ten spr\u00e1vn\u00fd kousek, ale je na opa\u010dn\u00e9m konci republiky? Sv\u011b\u0159te kontrolu na\u0161im mechanik\u016fm a my v\u00e1m \u0159ekneme, zda pro n\u011bj m\u00e1 cenu jezdit.\",\"breadcrumb\":{\"@id\":\"https:\\\/\\\/iautomato.de\\\/produkt\\\/gebrauchtwagen-check-vor-kauf\\\/#breadcrumb\"},\"inLanguage\":\"nl-NL\",\"potentialAction\":[{\"@type\":\"ReadAction\",\"target\":[\"https:\\\/\\\/iautomato.de\\\/produkt\\\/gebrauchtwagen-check-vor-kauf\\\/\"]}]},{\"@type\":\"ImageObject\",\"inLanguage\":\"nl-NL\",\"@id\":\"https:\\\/\\\/iautomato.de\\\/produkt\\\/gebrauchtwagen-check-vor-kauf\\\/#primaryimage\",\"url\":\"https:\\\/\\\/iautomato.de\\\/wp-content\\\/uploads\\\/sites\\\/5\\\/2021\\\/07\\\/Ferninspektion_des_Fahrzeugs.webp\",\"contentUrl\":\"https:\\\/\\\/iautomato.de\\\/wp-content\\\/uploads\\\/sites\\\/5\\\/2021\\\/07\\\/Ferninspektion_des_Fahrzeugs.webp\",\"width\":1800,\"height\":1080,\"caption\":\"Ferninspektion des Fahrzeugs\"},{\"@type\":\"BreadcrumbList\",\"@id\":\"https:\\\/\\\/iautomato.de\\\/produkt\\\/gebrauchtwagen-check-vor-kauf\\\/#breadcrumb\",\"itemListElement\":[{\"@type\":\"ListItem\",\"position\":1,\"name\":\"Dom\u016f\",\"item\":\"https:\\\/\\\/iautomato.de\\\/de\\\/\"},{\"@type\":\"ListItem\",\"position\":2,\"name\":\"Produkte\",\"item\":\"https:\\\/\\\/iautomato.de\\\/shop\\\/\"},{\"@type\":\"ListItem\",\"position\":3,\"name\":\"Gebrauchtwagen-Check vor dem Kauf\"}]},{\"@type\":\"WebSite\",\"@id\":\"https:\\\/\\\/iautomato.de\\\/#website\",\"url\":\"https:\\\/\\\/iautomato.de\\\/\",\"name\":\"Automato Deutschland\",\"description\":\"Wir pr\u00fcfen den Gebrauchtwagen vor dem Kauf: Schnell und deutschlandweit\",\"publisher\":{\"@id\":\"https:\\\/\\\/iautomato.de\\\/#organization\"},\"potentialAction\":[{\"@type\":\"SearchAction\",\"target\":{\"@type\":\"EntryPoint\",\"urlTemplate\":\"https:\\\/\\\/iautomato.de\\\/?s={search_term_string}\"},\"query-input\":{\"@type\":\"PropertyValueSpecification\",\"valueRequired\":true,\"valueName\":\"search_term_string\"}}],\"inLanguage\":\"nl-NL\"},{\"@type\":\"Organization\",\"@id\":\"https:\\\/\\\/iautomato.de\\\/#organization\",\"name\":\"Automato Deutschland\",\"url\":\"https:\\\/\\\/iautomato.de\\\/\",\"logo\":{\"@type\":\"ImageObject\",\"inLanguage\":\"nl-NL\",\"@id\":\"https:\\\/\\\/iautomato.de\\\/#\\\/schema\\\/logo\\\/image\\\/\",\"url\":\"https:\\\/\\\/iautomato.de\\\/wp-content\\\/uploads\\\/sites\\\/5\\\/2020\\\/02\\\/black_noBG.svg\",\"contentUrl\":\"https:\\\/\\\/iautomato.de\\\/wp-content\\\/uploads\\\/sites\\\/5\\\/2020\\\/02\\\/black_noBG.svg\",\"caption\":\"Automato Deutschland\"},\"image\":{\"@id\":\"https:\\\/\\\/iautomato.de\\\/#\\\/schema\\\/logo\\\/image\\\/\"}}]}<\/script>\n<!-- \/ Yoast SEO plugin. -->","yoast_head_json":{"title":"Occasion-aankoopkeuring - Automato Deutschland","description":"Bent u van plan een tweedehands auto te kopen en heeft u de perfecte auto al gevonden, maar staat deze aan de andere kant van het land? Laat onze monteurs de auto inspecteren en wij vertellen u of het de moeite waard is om ermee te rijden.","robots":{"index":"index","follow":"follow","max-snippet":"max-snippet:-1","max-image-preview":"max-image-preview:large","max-video-preview":"max-video-preview:-1"},"canonical":"https:\/\/iautomato.de\/nl\/product-2\/occasion-aankoopkeuring\/","og_locale":"nl_NL","og_type":"article","og_title":"Gebrauchtwagen-Check vor dem Kauf - Automato Deutschland","og_description":"Pl\u00e1nujete koupit ojet\u00e9 auto a m\u00e1te ji\u017e vyhl\u00e9dnut\u00fd ten spr\u00e1vn\u00fd kousek, ale je na opa\u010dn\u00e9m konci republiky? Sv\u011b\u0159te kontrolu na\u0161im mechanik\u016fm a my v\u00e1m \u0159ekneme, zda pro n\u011bj m\u00e1 cenu jezdit.","og_url":"https:\/\/iautomato.de\/nl\/product-2\/occasion-aankoopkeuring\/","og_site_name":"Automato Deutschland","article_modified_time":"2026-04-20T19:48:05+00:00","og_image":[{"width":1800,"height":1080,"url":"https:\/\/iautomato.de\/wp-content\/uploads\/sites\/5\/2021\/07\/Ferninspektion_des_Fahrzeugs.webp","type":"image\/webp"}],"twitter_card":"summary_large_image","twitter_misc":{"Geschatte leestijd":"1 minuut"},"schema":{"@context":"https:\/\/schema.org","@graph":[{"@type":"WebPage","@id":"https:\/\/iautomato.de\/produkt\/gebrauchtwagen-check-vor-kauf\/","url":"https:\/\/iautomato.de\/produkt\/gebrauchtwagen-check-vor-kauf\/","name":"Occasion-aankoopkeuring - Automato Deutschland","isPartOf":{"@id":"https:\/\/iautomato.de\/#website"},"primaryImageOfPage":{"@id":"https:\/\/iautomato.de\/produkt\/gebrauchtwagen-check-vor-kauf\/#primaryimage"},"image":{"@id":"https:\/\/iautomato.de\/produkt\/gebrauchtwagen-check-vor-kauf\/#primaryimage"},"thumbnailUrl":"https:\/\/iautomato.de\/wp-content\/uploads\/sites\/5\/2021\/07\/Ferninspektion_des_Fahrzeugs.webp","datePublished":"2021-07-12T23:09:20+00:00","dateModified":"2026-04-20T19:48:05+00:00","description":"Bent u van plan een tweedehands auto te kopen en heeft u de perfecte auto al gevonden, maar staat deze aan de andere kant van het land? Laat onze monteurs de auto inspecteren en wij vertellen u of het de moeite waard is om ermee te rijden.","breadcrumb":{"@id":"https:\/\/iautomato.de\/produkt\/gebrauchtwagen-check-vor-kauf\/#breadcrumb"},"inLanguage":"nl-NL","potentialAction":[{"@type":"ReadAction","target":["https:\/\/iautomato.de\/produkt\/gebrauchtwagen-check-vor-kauf\/"]}]},{"@type":"ImageObject","inLanguage":"nl-NL","@id":"https:\/\/iautomato.de\/produkt\/gebrauchtwagen-check-vor-kauf\/#primaryimage","url":"https:\/\/iautomato.de\/wp-content\/uploads\/sites\/5\/2021\/07\/Ferninspektion_des_Fahrzeugs.webp","contentUrl":"https:\/\/iautomato.de\/wp-content\/uploads\/sites\/5\/2021\/07\/Ferninspektion_des_Fahrzeugs.webp","width":1800,"height":1080,"caption":"Ferninspektion des Fahrzeugs"},{"@type":"BreadcrumbList","@id":"https:\/\/iautomato.de\/produkt\/gebrauchtwagen-check-vor-kauf\/#breadcrumb","itemListElement":[{"@type":"ListItem","position":1,"name":"Dom\u016f","item":"https:\/\/iautomato.de\/de\/"},{"@type":"ListItem","position":2,"name":"Produkte","item":"https:\/\/iautomato.de\/shop\/"},{"@type":"ListItem","position":3,"name":"Gebrauchtwagen-Check vor dem Kauf"}]},{"@type":"WebSite","@id":"https:\/\/iautomato.de\/#website","url":"https:\/\/iautomato.de\/","name":"Automato Duitsland","description":"Wir pr\u00fcfen the Gebrauchtwagen for them Kauf: Schnell und deutschlandweit","publisher":{"@id":"https:\/\/iautomato.de\/#organization"},"potentialAction":[{"@type":"SearchAction","target":{"@type":"EntryPoint","urlTemplate":"https:\/\/iautomato.de\/?s={search_term_string}"},"query-input":{"@type":"PropertyValueSpecification","valueRequired":true,"valueName":"search_term_string"}}],"inLanguage":"nl-NL"},{"@type":"Organization","@id":"https:\/\/iautomato.de\/#organization","name":"Automato Duitsland","url":"https:\/\/iautomato.de\/","logo":{"@type":"ImageObject","inLanguage":"nl-NL","@id":"https:\/\/iautomato.de\/#\/schema\/logo\/image\/","url":"https:\/\/iautomato.de\/wp-content\/uploads\/sites\/5\/2020\/02\/black_noBG.svg","contentUrl":"https:\/\/iautomato.de\/wp-content\/uploads\/sites\/5\/2020\/02\/black_noBG.svg","caption":"Automato Deutschland"},"image":{"@id":"https:\/\/iautomato.de\/#\/schema\/logo\/image\/"}}]}},"_links":{"self":[{"href":"https:\/\/iautomato.de\/nl\/wp-json\/wp\/v2\/product\/2951","targetHints":{"allow":["GET"]}}],"collection":[{"href":"https:\/\/iautomato.de\/nl\/wp-json\/wp\/v2\/product"}],"about":[{"href":"https:\/\/iautomato.de\/nl\/wp-json\/wp\/v2\/types\/product"}],"wp:featuredmedia":[{"embeddable":true,"href":"https:\/\/iautomato.de\/nl\/wp-json\/wp\/v2\/media\/16277"}],"wp:attachment":[{"href":"https:\/\/iautomato.de\/nl\/wp-json\/wp\/v2\/media?parent=2951"}],"wp:term":[{"taxonomy":"product_brand","embeddable":true,"href":"https:\/\/iautomato.de\/nl\/wp-json\/wp\/v2\/product_brand?post=2951"},{"taxonomy":"product_cat","embeddable":true,"href":"https:\/\/iautomato.de\/nl\/wp-json\/wp\/v2\/product_cat?post=2951"},{"taxonomy":"product_tag","embeddable":true,"href":"https:\/\/iautomato.de\/nl\/wp-json\/wp\/v2\/product_tag?post=2951"}],"curies":[{"name":"wp","href":"https:\/\/api.w.org\/{rel}","templated":true}]}}