{"id":488,"date":"2020-02-16T16:05:37","date_gmt":"2020-02-16T15:05:37","guid":{"rendered":"http:\/\/iautomato.de\/wp\/?post_type=product&#038;p=488"},"modified":"2026-04-20T21:47:52","modified_gmt":"2026-04-20T19:47:52","slug":"assistentie-bij-voertuiginspectie","status":"publish","type":"product","link":"https:\/\/iautomato.de\/nl\/produkt\/assistierte-fahrzeug-inspektion\/","title":{"rendered":"Aankoopkeuring"},"content":{"rendered":"","protected":false},"excerpt":{"rendered":"<p>Prohl\u00eddka ojet\u00e9ho vozu <strong>s va\u0161\u00ed \u00fa\u010dasti<\/strong>. Porad\u00edme jestli nakoupit a vyjedn\u00e1me slevu.<\/p>","protected":false},"featured_media":16276,"template":"","meta":{"_jf_limit_responses":""},"product_brand":[],"product_cat":[57],"product_tag":[89,88],"class_list":{"0":"post-488","1":"product","2":"type-product","3":"status-publish","4":"has-post-thumbnail","6":"product_cat-koupit-vuz","7":"product_tag-allowordersys","8":"product_tag-mainproduct","10":"entry","11":"has-media","13":"first","14":"instock","15":"taxable","16":"shipping-taxable","17":"purchasable","18":"product-type-simple","19":"col","20":"span_1_of_3","21":"owp-content-center","22":"owp-thumbs-layout-horizontal","23":"owp-btn-big","24":"owp-tabs-layout-section","25":"has-no-thumbnails"},"yoast_head":"<!-- This site is optimized with the Yoast SEO plugin v27.4 - https:\/\/yoast.com\/product\/yoast-seo-wordpress\/ -->\n<title>Asistovan\u00e1 kontrola vozu p\u0159ed koup\u00ed - Automato Deutschland<\/title>\n<meta name=\"description\" content=\"Nevyzn\u00e1te se moc v autech, ale chcete si koupit nov\u00e9? Nenechte se nap\u00e1lit a z\u00edskejte v n\u00e1s par\u0165\u00e1ka, kter\u00fd v\u00e1m pom\u016f\u017ee s v\u00fdb\u011brem a vyjedn\u00e1 p\u0159\u00edpadn\u011b i slevu.\" \/>\n<meta name=\"robots\" content=\"index, follow, max-snippet:-1, max-image-preview:large, max-video-preview:-1\" \/>\n<link rel=\"canonical\" href=\"https:\/\/iautomato.de\/nl\/product-2\/assistentie-bij-voertuiginspectie\/\" \/>\n<meta property=\"og:locale\" content=\"nl_NL\" \/>\n<meta property=\"og:type\" content=\"article\" \/>\n<meta property=\"og:title\" content=\"Asistovan\u00e1 kontrola vozu p\u0159ed koup\u00ed - Automato Deutschland\" \/>\n<meta property=\"og:description\" content=\"Nevyzn\u00e1te se moc v autech, ale chcete si koupit nov\u00e9? Nenechte se nap\u00e1lit a z\u00edskejte v n\u00e1s par\u0165\u00e1ka, kter\u00fd v\u00e1m pom\u016f\u017ee s v\u00fdb\u011brem a vyjedn\u00e1 p\u0159\u00edpadn\u011b i slevu.\" \/>\n<meta property=\"og:url\" content=\"https:\/\/iautomato.de\/nl\/product-2\/assistentie-bij-voertuiginspectie\/\" \/>\n<meta property=\"og:site_name\" content=\"Automato Deutschland\" \/>\n<meta property=\"article:modified_time\" content=\"2026-04-20T19:47:52+00:00\" \/>\n<meta property=\"og:image\" content=\"https:\/\/iautomato.de\/wp-content\/uploads\/sites\/5\/2020\/02\/Assistierte_Fahrzeuginspektion.webp\" \/>\n\t<meta property=\"og:image:width\" content=\"1800\" \/>\n\t<meta property=\"og:image:height\" content=\"1080\" \/>\n\t<meta property=\"og:image:type\" content=\"image\/webp\" \/>\n<meta name=\"twitter:card\" content=\"summary_large_image\" \/>\n<meta name=\"twitter:label1\" content=\"Geschatte leestijd\" \/>\n\t<meta name=\"twitter:data1\" content=\"1 minuut\" \/>\n<script type=\"application\/ld+json\" class=\"yoast-schema-graph\">{\"@context\":\"https:\\\/\\\/schema.org\",\"@graph\":[{\"@type\":\"WebPage\",\"@id\":\"https:\\\/\\\/iautomato.de\\\/produkt\\\/assistierte-fahrzeug-inspektion\\\/\",\"url\":\"https:\\\/\\\/iautomato.de\\\/produkt\\\/assistierte-fahrzeug-inspektion\\\/\",\"name\":\"Asistovan\u00e1 kontrola vozu p\u0159ed koup\u00ed - Automato Deutschland\",\"isPartOf\":{\"@id\":\"https:\\\/\\\/iautomato.de\\\/#website\"},\"primaryImageOfPage\":{\"@id\":\"https:\\\/\\\/iautomato.de\\\/produkt\\\/assistierte-fahrzeug-inspektion\\\/#primaryimage\"},\"image\":{\"@id\":\"https:\\\/\\\/iautomato.de\\\/produkt\\\/assistierte-fahrzeug-inspektion\\\/#primaryimage\"},\"thumbnailUrl\":\"https:\\\/\\\/iautomato.de\\\/wp-content\\\/uploads\\\/sites\\\/5\\\/2020\\\/02\\\/Assistierte_Fahrzeuginspektion.webp\",\"datePublished\":\"2020-02-16T15:05:37+00:00\",\"dateModified\":\"2026-04-20T19:47:52+00:00\",\"description\":\"Nevyzn\u00e1te se moc v autech, ale chcete si koupit nov\u00e9? Nenechte se nap\u00e1lit a z\u00edskejte v n\u00e1s par\u0165\u00e1ka, kter\u00fd v\u00e1m pom\u016f\u017ee s v\u00fdb\u011brem a vyjedn\u00e1 p\u0159\u00edpadn\u011b i slevu.\",\"breadcrumb\":{\"@id\":\"https:\\\/\\\/iautomato.de\\\/produkt\\\/assistierte-fahrzeug-inspektion\\\/#breadcrumb\"},\"inLanguage\":\"nl-NL\",\"potentialAction\":[{\"@type\":\"ReadAction\",\"target\":[\"https:\\\/\\\/iautomato.de\\\/produkt\\\/assistierte-fahrzeug-inspektion\\\/\"]}]},{\"@type\":\"ImageObject\",\"inLanguage\":\"nl-NL\",\"@id\":\"https:\\\/\\\/iautomato.de\\\/produkt\\\/assistierte-fahrzeug-inspektion\\\/#primaryimage\",\"url\":\"https:\\\/\\\/iautomato.de\\\/wp-content\\\/uploads\\\/sites\\\/5\\\/2020\\\/02\\\/Assistierte_Fahrzeuginspektion.webp\",\"contentUrl\":\"https:\\\/\\\/iautomato.de\\\/wp-content\\\/uploads\\\/sites\\\/5\\\/2020\\\/02\\\/Assistierte_Fahrzeuginspektion.webp\",\"width\":1800,\"height\":1080,\"caption\":\"Assistierte Fahrzeuginspektion\"},{\"@type\":\"BreadcrumbList\",\"@id\":\"https:\\\/\\\/iautomato.de\\\/produkt\\\/assistierte-fahrzeug-inspektion\\\/#breadcrumb\",\"itemListElement\":[{\"@type\":\"ListItem\",\"position\":1,\"name\":\"Dom\u016f\",\"item\":\"https:\\\/\\\/iautomato.de\\\/de\\\/\"},{\"@type\":\"ListItem\",\"position\":2,\"name\":\"Produkte\",\"item\":\"https:\\\/\\\/iautomato.de\\\/shop\\\/\"},{\"@type\":\"ListItem\",\"position\":3,\"name\":\"Assistierte Fahrzeug-inspektion\"}]},{\"@type\":\"WebSite\",\"@id\":\"https:\\\/\\\/iautomato.de\\\/#website\",\"url\":\"https:\\\/\\\/iautomato.de\\\/\",\"name\":\"Automato Deutschland\",\"description\":\"Wir pr\u00fcfen den Gebrauchtwagen vor dem Kauf: Schnell und deutschlandweit\",\"publisher\":{\"@id\":\"https:\\\/\\\/iautomato.de\\\/#organization\"},\"potentialAction\":[{\"@type\":\"SearchAction\",\"target\":{\"@type\":\"EntryPoint\",\"urlTemplate\":\"https:\\\/\\\/iautomato.de\\\/?s={search_term_string}\"},\"query-input\":{\"@type\":\"PropertyValueSpecification\",\"valueRequired\":true,\"valueName\":\"search_term_string\"}}],\"inLanguage\":\"nl-NL\"},{\"@type\":\"Organization\",\"@id\":\"https:\\\/\\\/iautomato.de\\\/#organization\",\"name\":\"Automato Deutschland\",\"url\":\"https:\\\/\\\/iautomato.de\\\/\",\"logo\":{\"@type\":\"ImageObject\",\"inLanguage\":\"nl-NL\",\"@id\":\"https:\\\/\\\/iautomato.de\\\/#\\\/schema\\\/logo\\\/image\\\/\",\"url\":\"https:\\\/\\\/iautomato.de\\\/wp-content\\\/uploads\\\/sites\\\/5\\\/2020\\\/02\\\/black_noBG.svg\",\"contentUrl\":\"https:\\\/\\\/iautomato.de\\\/wp-content\\\/uploads\\\/sites\\\/5\\\/2020\\\/02\\\/black_noBG.svg\",\"caption\":\"Automato Deutschland\"},\"image\":{\"@id\":\"https:\\\/\\\/iautomato.de\\\/#\\\/schema\\\/logo\\\/image\\\/\"}}]}<\/script>\n<!-- \/ Yoast SEO plugin. -->","yoast_head_json":{"title":"Autokeuring met assistentie v\u00f3\u00f3r aankoop - Automato Deutschland","description":"Weet je niet veel van auto&#039;s, maar wil je wel een nieuwe kopen? Laat je dan niet misleiden en kies voor ons als partner. Wij helpen je bij je keuze en kunnen wellicht een korting voor je regelen.","robots":{"index":"index","follow":"follow","max-snippet":"max-snippet:-1","max-image-preview":"max-image-preview:large","max-video-preview":"max-video-preview:-1"},"canonical":"https:\/\/iautomato.de\/nl\/product-2\/assistentie-bij-voertuiginspectie\/","og_locale":"nl_NL","og_type":"article","og_title":"Asistovan\u00e1 kontrola vozu p\u0159ed koup\u00ed - Automato Deutschland","og_description":"Nevyzn\u00e1te se moc v autech, ale chcete si koupit nov\u00e9? Nenechte se nap\u00e1lit a z\u00edskejte v n\u00e1s par\u0165\u00e1ka, kter\u00fd v\u00e1m pom\u016f\u017ee s v\u00fdb\u011brem a vyjedn\u00e1 p\u0159\u00edpadn\u011b i slevu.","og_url":"https:\/\/iautomato.de\/nl\/product-2\/assistentie-bij-voertuiginspectie\/","og_site_name":"Automato Deutschland","article_modified_time":"2026-04-20T19:47:52+00:00","og_image":[{"width":1800,"height":1080,"url":"https:\/\/iautomato.de\/wp-content\/uploads\/sites\/5\/2020\/02\/Assistierte_Fahrzeuginspektion.webp","type":"image\/webp"}],"twitter_card":"summary_large_image","twitter_misc":{"Geschatte leestijd":"1 minuut"},"schema":{"@context":"https:\/\/schema.org","@graph":[{"@type":"WebPage","@id":"https:\/\/iautomato.de\/produkt\/assistierte-fahrzeug-inspektion\/","url":"https:\/\/iautomato.de\/produkt\/assistierte-fahrzeug-inspektion\/","name":"Autokeuring met assistentie v\u00f3\u00f3r aankoop - Automato Deutschland","isPartOf":{"@id":"https:\/\/iautomato.de\/#website"},"primaryImageOfPage":{"@id":"https:\/\/iautomato.de\/produkt\/assistierte-fahrzeug-inspektion\/#primaryimage"},"image":{"@id":"https:\/\/iautomato.de\/produkt\/assistierte-fahrzeug-inspektion\/#primaryimage"},"thumbnailUrl":"https:\/\/iautomato.de\/wp-content\/uploads\/sites\/5\/2020\/02\/Assistierte_Fahrzeuginspektion.webp","datePublished":"2020-02-16T15:05:37+00:00","dateModified":"2026-04-20T19:47:52+00:00","description":"Weet je niet veel van auto&#039;s, maar wil je wel een nieuwe kopen? Laat je dan niet misleiden en kies voor ons als partner. Wij helpen je bij je keuze en kunnen wellicht een korting voor je regelen.","breadcrumb":{"@id":"https:\/\/iautomato.de\/produkt\/assistierte-fahrzeug-inspektion\/#breadcrumb"},"inLanguage":"nl-NL","potentialAction":[{"@type":"ReadAction","target":["https:\/\/iautomato.de\/produkt\/assistierte-fahrzeug-inspektion\/"]}]},{"@type":"ImageObject","inLanguage":"nl-NL","@id":"https:\/\/iautomato.de\/produkt\/assistierte-fahrzeug-inspektion\/#primaryimage","url":"https:\/\/iautomato.de\/wp-content\/uploads\/sites\/5\/2020\/02\/Assistierte_Fahrzeuginspektion.webp","contentUrl":"https:\/\/iautomato.de\/wp-content\/uploads\/sites\/5\/2020\/02\/Assistierte_Fahrzeuginspektion.webp","width":1800,"height":1080,"caption":"Assistierte Fahrzeuginspektion"},{"@type":"BreadcrumbList","@id":"https:\/\/iautomato.de\/produkt\/assistierte-fahrzeug-inspektion\/#breadcrumb","itemListElement":[{"@type":"ListItem","position":1,"name":"Dom\u016f","item":"https:\/\/iautomato.de\/de\/"},{"@type":"ListItem","position":2,"name":"Produkte","item":"https:\/\/iautomato.de\/shop\/"},{"@type":"ListItem","position":3,"name":"Assistierte Fahrzeug-inspektion"}]},{"@type":"WebSite","@id":"https:\/\/iautomato.de\/#website","url":"https:\/\/iautomato.de\/","name":"Automato Duitsland","description":"Wir pr\u00fcfen the Gebrauchtwagen for them Kauf: Schnell und deutschlandweit","publisher":{"@id":"https:\/\/iautomato.de\/#organization"},"potentialAction":[{"@type":"SearchAction","target":{"@type":"EntryPoint","urlTemplate":"https:\/\/iautomato.de\/?s={search_term_string}"},"query-input":{"@type":"PropertyValueSpecification","valueRequired":true,"valueName":"search_term_string"}}],"inLanguage":"nl-NL"},{"@type":"Organization","@id":"https:\/\/iautomato.de\/#organization","name":"Automato Duitsland","url":"https:\/\/iautomato.de\/","logo":{"@type":"ImageObject","inLanguage":"nl-NL","@id":"https:\/\/iautomato.de\/#\/schema\/logo\/image\/","url":"https:\/\/iautomato.de\/wp-content\/uploads\/sites\/5\/2020\/02\/black_noBG.svg","contentUrl":"https:\/\/iautomato.de\/wp-content\/uploads\/sites\/5\/2020\/02\/black_noBG.svg","caption":"Automato Deutschland"},"image":{"@id":"https:\/\/iautomato.de\/#\/schema\/logo\/image\/"}}]}},"_links":{"self":[{"href":"https:\/\/iautomato.de\/nl\/wp-json\/wp\/v2\/product\/488","targetHints":{"allow":["GET"]}}],"collection":[{"href":"https:\/\/iautomato.de\/nl\/wp-json\/wp\/v2\/product"}],"about":[{"href":"https:\/\/iautomato.de\/nl\/wp-json\/wp\/v2\/types\/product"}],"wp:featuredmedia":[{"embeddable":true,"href":"https:\/\/iautomato.de\/nl\/wp-json\/wp\/v2\/media\/16276"}],"wp:attachment":[{"href":"https:\/\/iautomato.de\/nl\/wp-json\/wp\/v2\/media?parent=488"}],"wp:term":[{"taxonomy":"product_brand","embeddable":true,"href":"https:\/\/iautomato.de\/nl\/wp-json\/wp\/v2\/product_brand?post=488"},{"taxonomy":"product_cat","embeddable":true,"href":"https:\/\/iautomato.de\/nl\/wp-json\/wp\/v2\/product_cat?post=488"},{"taxonomy":"product_tag","embeddable":true,"href":"https:\/\/iautomato.de\/nl\/wp-json\/wp\/v2\/product_tag?post=488"}],"curies":[{"name":"wp","href":"https:\/\/api.w.org\/{rel}","templated":true}]}}